{"id":10099,"date":"2024-05-29T16:01:03","date_gmt":"2024-05-29T14:01:03","guid":{"rendered":"https:\/\/www.neteler.eu\/?page_id=10099"},"modified":"2024-07-15T11:11:38","modified_gmt":"2024-07-15T09:11:38","slug":"reiseversicherung","status":"publish","type":"page","link":"https:\/\/www.neteler.eu\/de\/reiseversicherung\/","title":{"rendered":"Reiseversicherung"},"content":{"rendered":"\t\t<div data-elementor-type=\"wp-page\" data-elementor-id=\"10099\" class=\"elementor elementor-10099\" data-elementor-post-type=\"page\">\n\t\t\t\t<div class=\"elementor-element elementor-element-700efb3 e-con-full e-flex e-con e-parent\" data-id=\"700efb3\" data-element_type=\"container\">\n\t\t\t\t<div class=\"elementor-element elementor-element-38e623f elementor-widget elementor-widget-template\" data-id=\"38e623f\" data-element_type=\"widget\" data-widget_type=\"template.default\">\n\t\t\t\t<div class=\"elementor-widget-container\">\n\t\t\t\t\t<div class=\"elementor-template\">\n\t\t\t\t\t<div data-elementor-type=\"container\" data-elementor-id=\"8666\" class=\"elementor elementor-8666\" data-elementor-post-type=\"elementor_library\">\n\t\t\t\t<div class=\"elementor-element elementor-element-3799b24a e-flex e-con-boxed e-con e-parent\" data-id=\"3799b24a\" data-element_type=\"container\" data-settings=\"{&quot;background_background&quot;:&quot;classic&quot;}\">\n\t\t\t\t\t<div class=\"e-con-inner\">\n\t\t<div class=\"elementor-element elementor-element-30557511 e-flex e-con-boxed e-con e-child\" data-id=\"30557511\" data-element_type=\"container\">\n\t\t\t\t\t<div class=\"e-con-inner\">\n\t\t\t\t<div class=\"elementor-element elementor-element-6a591595 elementor-widget elementor-widget-heading\" data-id=\"6a591595\" data-element_type=\"widget\" data-widget_type=\"heading.default\">\n\t\t\t\t<div class=\"elementor-widget-container\">\n\t\t\t<style>\/*! elementor - v3.23.0 - 15-07-2024 *\/\n.elementor-heading-title{padding:0;margin:0;line-height:1}.elementor-widget-heading .elementor-heading-title[class*=elementor-size-]>a{color:inherit;font-size:inherit;line-height:inherit}.elementor-widget-heading .elementor-heading-title.elementor-size-small{font-size:15px}.elementor-widget-heading .elementor-heading-title.elementor-size-medium{font-size:19px}.elementor-widget-heading .elementor-heading-title.elementor-size-large{font-size:29px}.elementor-widget-heading .elementor-heading-title.elementor-size-xl{font-size:39px}.elementor-widget-heading .elementor-heading-title.elementor-size-xxl{font-size:59px}<\/style><h4 class=\"elementor-heading-title elementor-size-default\">Reiseversicherung<\/h4>\t\t<\/div>\n\t\t\t\t<\/div>\n\t\t\t\t\t<\/div>\n\t\t\t\t<\/div>\n\t\t\t\t\t<\/div>\n\t\t\t\t<\/div>\n\t\t\t\t<\/div>\n\t\t\t\t<\/div>\n\t\t\t\t<\/div>\n\t\t\t\t<\/div>\n\t\t\t\t<\/div>\n\t\t<div class=\"elementor-element elementor-element-20f6444 e-flex e-con-boxed e-con e-parent\" data-id=\"20f6444\" data-element_type=\"container\">\n\t\t\t\t\t<div class=\"e-con-inner\">\n\t\t\t\t<div class=\"elementor-element elementor-element-9b45dd2 elementor-widget elementor-widget-heading\" data-id=\"9b45dd2\" data-element_type=\"widget\" data-widget_type=\"heading.default\">\n\t\t\t\t<div class=\"elementor-widget-container\">\n\t\t\t<h2 class=\"elementor-heading-title elementor-size-default\">Sorgenfrei <b>Urlaub<\/b> genie\u00dfen - sichern Sie sich ab!<\/h2>\t\t<\/div>\n\t\t\t\t<\/div>\n\t\t\t\t<div class=\"elementor-element elementor-element-28dc42e elementor-widget elementor-widget-text-editor\" data-id=\"28dc42e\" data-element_type=\"widget\" data-widget_type=\"text-editor.default\">\n\t\t\t\t<div class=\"elementor-widget-container\">\n\t\t\t<style>\/*! elementor - v3.23.0 - 15-07-2024 *\/\n.elementor-widget-text-editor.elementor-drop-cap-view-stacked .elementor-drop-cap{background-color:#69727d;color:#fff}.elementor-widget-text-editor.elementor-drop-cap-view-framed .elementor-drop-cap{color:#69727d;border:3px solid;background-color:transparent}.elementor-widget-text-editor:not(.elementor-drop-cap-view-default) .elementor-drop-cap{margin-top:8px}.elementor-widget-text-editor:not(.elementor-drop-cap-view-default) .elementor-drop-cap-letter{width:1em;height:1em}.elementor-widget-text-editor .elementor-drop-cap{float:left;text-align:center;line-height:1;font-size:50px}.elementor-widget-text-editor .elementor-drop-cap-letter{display:inline-block}<\/style>\t\t\t\t<p><strong>Planen Sie Ihren Traumurlaub auf Borkum?<\/strong> Unerwartete Ereignisse k\u00f6nnen Ihre Pl\u00e4ne durchkreuzen. Mit der Reiser\u00fccktrittsversicherung der URV, die Sie bei Buchung ihrer Ferienwohnung abschlie\u00dfen k\u00f6nnen, sind Sie auf der sicheren Seite und k\u00f6nnen sich entspannt auf Ihre Auszeit freuen.<\/p><h4>Vorteile der Reiser\u00fccktrittsversicherung<\/h4><ul><li><strong>Schutz vor unerwarteten Ereignissen:<\/strong> Krankheit, Unfall oder andere unvorhersehbare Zwischenf\u00e4lle \u2013 wir sichern Sie ab.<\/li><li><strong>Finanzielle Sicherheit:<\/strong> Erstattung der Stornokosten, damit Sie keinen finanziellen Verlust erleiden.<\/li><li><strong>Einfach und unkompliziert:<\/strong> Schneller Abschluss direkt bei der Buchung Ihrer Ferienwohnung oder im Anschluss \u00fcber die G\u00e4steApp.\u00a0<\/li><\/ul><p>Buchen Sie jetzt Ihre Ferienwohnung und f\u00fcgen Sie die Reiser\u00fccktrittsversicherung hinzu \u2013 f\u00fcr einen sorgenfreien Urlaub auf Borkum!<\/p><p><strong>Kontaktieren Sie uns<\/strong> bei Fragen oder f\u00fcr weitere Informationen zur Reiser\u00fccktrittsversicherung. Wir sind gerne f\u00fcr Sie da!<\/p>\t\t\t\t\t\t<\/div>\n\t\t\t\t<\/div>\n\t\t\t\t\t<\/div>\n\t\t\t\t<\/div>\n\t\t<div class=\"elementor-element elementor-element-3462094 e-flex e-con-boxed e-con e-parent\" data-id=\"3462094\" data-element_type=\"container\">\n\t\t\t\t\t<div class=\"e-con-inner\">\n\t\t\t\t<div class=\"elementor-element elementor-element-03394d4 elementor-widget elementor-widget-image\" data-id=\"03394d4\" data-element_type=\"widget\" data-widget_type=\"image.default\">\n\t\t\t\t<div class=\"elementor-widget-container\">\n\t\t\t<style>\/*! elementor - v3.23.0 - 15-07-2024 *\/\n.elementor-widget-image{text-align:center}.elementor-widget-image a{display:inline-block}.elementor-widget-image a img[src$=\".svg\"]{width:48px}.elementor-widget-image img{vertical-align:middle;display:inline-block}<\/style>\t\t\t\t\t\t\t\t\t\t<img decoding=\"async\" src=\"https:\/\/www.neteler.eu\/wp-content\/uploads\/elementor\/thumbs\/TD-9888-scaled-qoyylmgrshrsigs2spu5dxpjkbbp89h9q9d651ujsc.jpg\" title=\"TD 9888\" alt=\"TD 9888\" loading=\"lazy\" \/>\t\t\t\t\t\t\t\t\t\t\t\t\t<\/div>\n\t\t\t\t<\/div>\n\t\t\t\t\t<\/div>\n\t\t\t\t<\/div>\n\t\t\t\t<\/div>\n\t\t","protected":false},"excerpt":{"rendered":"<p>Sorgenfrei Urlaub genie\u00dfen &#8211; sichern Sie sich ab! Planen Sie Ihren Traumurlaub auf Borkum? Unerwartete Ereignisse k\u00f6nnen Ihre Pl\u00e4ne durchkreuzen. Mit der Reiser\u00fccktrittsversicherung der URV, die Sie bei Buchung ihrer Ferienwohnung abschlie\u00dfen k\u00f6nnen, sind Sie auf der sicheren Seite und k\u00f6nnen sich entspannt auf Ihre Auszeit freuen. Vorteile der Reiser\u00fccktrittsversicherung Schutz vor unerwarteten Ereignissen: Krankheit, [&hellip;]<\/p>\n","protected":false},"author":1,"featured_media":0,"parent":0,"menu_order":0,"comment_status":"closed","ping_status":"closed","template":"","meta":{"_acf_changed":false,"footnotes":""},"class_list":["post-10099","page","type-page","status-publish","hentry"],"acf":[],"yoast_head":"<!-- This site is optimized with the Yoast SEO plugin v23.1 - https:\/\/yoast.com\/wordpress\/plugins\/seo\/ -->\n<title>Reiseversicherung - NETELER Apartments<\/title>\n<meta name=\"description\" content=\"Alle Informationen zur Absicherung Ihrer Reise. Falls Sie noch weitere Fragen zu Ihrer Reise haben sollten, nehmen Sie gerne Kontakt auf.\" \/>\n<meta name=\"robots\" content=\"index, follow, max-snippet:-1, max-image-preview:large, max-video-preview:-1\" \/>\n<link rel=\"canonical\" href=\"https:\/\/www.neteler.eu\/de\/reiseversicherung\/\" \/>\n<meta property=\"og:locale\" content=\"de_DE\" \/>\n<meta property=\"og:type\" content=\"article\" \/>\n<meta property=\"og:title\" content=\"Reiseversicherung - NETELER Apartments\" \/>\n<meta property=\"og:description\" content=\"Alle Informationen zur Absicherung Ihrer Reise. Falls Sie noch weitere Fragen zu Ihrer Reise haben sollten, nehmen Sie gerne Kontakt auf.\" \/>\n<meta property=\"og:url\" content=\"https:\/\/www.neteler.eu\/de\/reiseversicherung\/\" \/>\n<meta property=\"og:site_name\" content=\"NETELER Apartments\" \/>\n<meta property=\"article:modified_time\" content=\"2024-07-15T09:11:38+00:00\" \/>\n<meta property=\"og:image\" content=\"https:\/\/www.neteler.eu\/wp-content\/uploads\/elementor\/thumbs\/TD-9888-scaled-qoyylmgrshrsigs2spu5dxpjkbbp89h9q9d651ujsc.jpg\" \/>\n<meta name=\"twitter:card\" content=\"summary_large_image\" \/>\n<meta name=\"twitter:label1\" content=\"Gesch\u00e4tzte Lesezeit\" \/>\n\t<meta name=\"twitter:data1\" content=\"1\u00a0Minute\" \/>\n<script type=\"application\/ld+json\" class=\"yoast-schema-graph\">{\"@context\":\"https:\/\/schema.org\",\"@graph\":[{\"@type\":\"WebPage\",\"@id\":\"https:\/\/www.neteler.eu\/de\/reiseversicherung\/\",\"url\":\"https:\/\/www.neteler.eu\/de\/reiseversicherung\/\",\"name\":\"Reiseversicherung - NETELER Apartments\",\"isPartOf\":{\"@id\":\"https:\/\/www.neteler.eu\/de\/#website\"},\"primaryImageOfPage\":{\"@id\":\"https:\/\/www.neteler.eu\/de\/reiseversicherung\/#primaryimage\"},\"image\":{\"@id\":\"https:\/\/www.neteler.eu\/de\/reiseversicherung\/#primaryimage\"},\"thumbnailUrl\":\"https:\/\/www.neteler.eu\/wp-content\/uploads\/elementor\/thumbs\/TD-9888-scaled-qoyylmgrshrsigs2spu5dxpjkbbp89h9q9d651ujsc.jpg\",\"datePublished\":\"2024-05-29T14:01:03+00:00\",\"dateModified\":\"2024-07-15T09:11:38+00:00\",\"description\":\"Alle Informationen zur Absicherung Ihrer Reise. Falls Sie noch weitere Fragen zu Ihrer Reise haben sollten, nehmen Sie gerne Kontakt auf.\",\"breadcrumb\":{\"@id\":\"https:\/\/www.neteler.eu\/de\/reiseversicherung\/#breadcrumb\"},\"inLanguage\":\"de\",\"potentialAction\":[{\"@type\":\"ReadAction\",\"target\":[\"https:\/\/www.neteler.eu\/de\/reiseversicherung\/\"]}]},{\"@type\":\"ImageObject\",\"inLanguage\":\"de\",\"@id\":\"https:\/\/www.neteler.eu\/de\/reiseversicherung\/#primaryimage\",\"url\":\"https:\/\/www.neteler.eu\/wp-content\/uploads\/elementor\/thumbs\/TD-9888-scaled-qoyylmgrshrsigs2spu5dxpjkbbp89h9q9d651ujsc.jpg\",\"contentUrl\":\"https:\/\/www.neteler.eu\/wp-content\/uploads\/elementor\/thumbs\/TD-9888-scaled-qoyylmgrshrsigs2spu5dxpjkbbp89h9q9d651ujsc.jpg\"},{\"@type\":\"BreadcrumbList\",\"@id\":\"https:\/\/www.neteler.eu\/de\/reiseversicherung\/#breadcrumb\",\"itemListElement\":[{\"@type\":\"ListItem\",\"position\":1,\"name\":\"Startseite\",\"item\":\"https:\/\/www.neteler.eu\/de\/\"},{\"@type\":\"ListItem\",\"position\":2,\"name\":\"Reiseversicherung\"}]},{\"@type\":\"WebSite\",\"@id\":\"https:\/\/www.neteler.eu\/de\/#website\",\"url\":\"https:\/\/www.neteler.eu\/de\/\",\"name\":\"NETELER Apartments\",\"description\":\"\",\"publisher\":{\"@id\":\"https:\/\/www.neteler.eu\/de\/#organization\"},\"potentialAction\":[{\"@type\":\"SearchAction\",\"target\":{\"@type\":\"EntryPoint\",\"urlTemplate\":\"https:\/\/www.neteler.eu\/de\/?s={search_term_string}\"},\"query-input\":\"required name=search_term_string\"}],\"inLanguage\":\"de\"},{\"@type\":\"Organization\",\"@id\":\"https:\/\/www.neteler.eu\/de\/#organization\",\"name\":\"NETELER Apartments\",\"url\":\"https:\/\/www.neteler.eu\/de\/\",\"logo\":{\"@type\":\"ImageObject\",\"inLanguage\":\"de\",\"@id\":\"https:\/\/www.neteler.eu\/de\/#\/schema\/logo\/image\/\",\"url\":\"https:\/\/www.neteler.eu\/wp-content\/uploads\/2024\/01\/logo-2.png\",\"contentUrl\":\"https:\/\/www.neteler.eu\/wp-content\/uploads\/2024\/01\/logo-2.png\",\"width\":800,\"height\":200,\"caption\":\"NETELER Apartments\"},\"image\":{\"@id\":\"https:\/\/www.neteler.eu\/de\/#\/schema\/logo\/image\/\"}}]}<\/script>\n<!-- \/ Yoast SEO plugin. -->","yoast_head_json":{"title":"Reiseversicherung - NETELER Apartments","description":"Alle Informationen zur Absicherung Ihrer Reise. Falls Sie noch weitere Fragen zu Ihrer Reise haben sollten, nehmen Sie gerne Kontakt auf.","robots":{"index":"index","follow":"follow","max-snippet":"max-snippet:-1","max-image-preview":"max-image-preview:large","max-video-preview":"max-video-preview:-1"},"canonical":"https:\/\/www.neteler.eu\/de\/reiseversicherung\/","og_locale":"de_DE","og_type":"article","og_title":"Reiseversicherung - NETELER Apartments","og_description":"Alle Informationen zur Absicherung Ihrer Reise. Falls Sie noch weitere Fragen zu Ihrer Reise haben sollten, nehmen Sie gerne Kontakt auf.","og_url":"https:\/\/www.neteler.eu\/de\/reiseversicherung\/","og_site_name":"NETELER Apartments","article_modified_time":"2024-07-15T09:11:38+00:00","og_image":[{"url":"https:\/\/www.neteler.eu\/wp-content\/uploads\/elementor\/thumbs\/TD-9888-scaled-qoyylmgrshrsigs2spu5dxpjkbbp89h9q9d651ujsc.jpg"}],"twitter_card":"summary_large_image","twitter_misc":{"Gesch\u00e4tzte Lesezeit":"1\u00a0Minute"},"schema":{"@context":"https:\/\/schema.org","@graph":[{"@type":"WebPage","@id":"https:\/\/www.neteler.eu\/de\/reiseversicherung\/","url":"https:\/\/www.neteler.eu\/de\/reiseversicherung\/","name":"Reiseversicherung - NETELER Apartments","isPartOf":{"@id":"https:\/\/www.neteler.eu\/de\/#website"},"primaryImageOfPage":{"@id":"https:\/\/www.neteler.eu\/de\/reiseversicherung\/#primaryimage"},"image":{"@id":"https:\/\/www.neteler.eu\/de\/reiseversicherung\/#primaryimage"},"thumbnailUrl":"https:\/\/www.neteler.eu\/wp-content\/uploads\/elementor\/thumbs\/TD-9888-scaled-qoyylmgrshrsigs2spu5dxpjkbbp89h9q9d651ujsc.jpg","datePublished":"2024-05-29T14:01:03+00:00","dateModified":"2024-07-15T09:11:38+00:00","description":"Alle Informationen zur Absicherung Ihrer Reise. Falls Sie noch weitere Fragen zu Ihrer Reise haben sollten, nehmen Sie gerne Kontakt auf.","breadcrumb":{"@id":"https:\/\/www.neteler.eu\/de\/reiseversicherung\/#breadcrumb"},"inLanguage":"de","potentialAction":[{"@type":"ReadAction","target":["https:\/\/www.neteler.eu\/de\/reiseversicherung\/"]}]},{"@type":"ImageObject","inLanguage":"de","@id":"https:\/\/www.neteler.eu\/de\/reiseversicherung\/#primaryimage","url":"https:\/\/www.neteler.eu\/wp-content\/uploads\/elementor\/thumbs\/TD-9888-scaled-qoyylmgrshrsigs2spu5dxpjkbbp89h9q9d651ujsc.jpg","contentUrl":"https:\/\/www.neteler.eu\/wp-content\/uploads\/elementor\/thumbs\/TD-9888-scaled-qoyylmgrshrsigs2spu5dxpjkbbp89h9q9d651ujsc.jpg"},{"@type":"BreadcrumbList","@id":"https:\/\/www.neteler.eu\/de\/reiseversicherung\/#breadcrumb","itemListElement":[{"@type":"ListItem","position":1,"name":"Startseite","item":"https:\/\/www.neteler.eu\/de\/"},{"@type":"ListItem","position":2,"name":"Reiseversicherung"}]},{"@type":"WebSite","@id":"https:\/\/www.neteler.eu\/de\/#website","url":"https:\/\/www.neteler.eu\/de\/","name":"NETELER Apartments","description":"","publisher":{"@id":"https:\/\/www.neteler.eu\/de\/#organization"},"potentialAction":[{"@type":"SearchAction","target":{"@type":"EntryPoint","urlTemplate":"https:\/\/www.neteler.eu\/de\/?s={search_term_string}"},"query-input":"required name=search_term_string"}],"inLanguage":"de"},{"@type":"Organization","@id":"https:\/\/www.neteler.eu\/de\/#organization","name":"NETELER Apartments","url":"https:\/\/www.neteler.eu\/de\/","logo":{"@type":"ImageObject","inLanguage":"de","@id":"https:\/\/www.neteler.eu\/de\/#\/schema\/logo\/image\/","url":"https:\/\/www.neteler.eu\/wp-content\/uploads\/2024\/01\/logo-2.png","contentUrl":"https:\/\/www.neteler.eu\/wp-content\/uploads\/2024\/01\/logo-2.png","width":800,"height":200,"caption":"NETELER Apartments"},"image":{"@id":"https:\/\/www.neteler.eu\/de\/#\/schema\/logo\/image\/"}}]}},"_links":{"self":[{"href":"https:\/\/www.neteler.eu\/de\/wp-json\/wp\/v2\/pages\/10099"}],"collection":[{"href":"https:\/\/www.neteler.eu\/de\/wp-json\/wp\/v2\/pages"}],"about":[{"href":"https:\/\/www.neteler.eu\/de\/wp-json\/wp\/v2\/types\/page"}],"author":[{"embeddable":true,"href":"https:\/\/www.neteler.eu\/de\/wp-json\/wp\/v2\/users\/1"}],"replies":[{"embeddable":true,"href":"https:\/\/www.neteler.eu\/de\/wp-json\/wp\/v2\/comments?post=10099"}],"version-history":[{"count":30,"href":"https:\/\/www.neteler.eu\/de\/wp-json\/wp\/v2\/pages\/10099\/revisions"}],"predecessor-version":[{"id":11437,"href":"https:\/\/www.neteler.eu\/de\/wp-json\/wp\/v2\/pages\/10099\/revisions\/11437"}],"wp:attachment":[{"href":"https:\/\/www.neteler.eu\/de\/wp-json\/wp\/v2\/media?parent=10099"}],"curies":[{"name":"wp","href":"https:\/\/api.w.org\/{rel}","templated":true}]}}