{"id":11105,"date":"2024-06-24T14:48:15","date_gmt":"2024-06-24T12:48:15","guid":{"rendered":"https:\/\/www.neteler.eu\/?page_id=11105"},"modified":"2024-07-15T10:56:13","modified_gmt":"2024-07-15T08:56:13","slug":"wassersport-auf-borkum","status":"publish","type":"page","link":"https:\/\/www.neteler.eu\/de\/wassersport-auf-borkum\/","title":{"rendered":"Wassersport auf Borkum"},"content":{"rendered":"\t\t<div data-elementor-type=\"wp-page\" data-elementor-id=\"11105\" class=\"elementor elementor-11105\" data-elementor-post-type=\"page\">\n\t\t\t\t<div class=\"elementor-element elementor-element-4789327 e-con-full e-flex e-con e-parent\" data-id=\"4789327\" data-element_type=\"container\">\n\t\t\t\t<div class=\"elementor-element elementor-element-d6b0391 elementor-widget elementor-widget-template\" data-id=\"d6b0391\" data-element_type=\"widget\" data-widget_type=\"template.default\">\n\t\t\t\t<div class=\"elementor-widget-container\">\n\t\t\t\t\t<div class=\"elementor-template\">\n\t\t\t\t\t<div data-elementor-type=\"container\" data-elementor-id=\"8666\" class=\"elementor elementor-8666\" data-elementor-post-type=\"elementor_library\">\n\t\t\t\t<div class=\"elementor-element elementor-element-3799b24a e-flex e-con-boxed e-con e-parent\" data-id=\"3799b24a\" data-element_type=\"container\" data-settings=\"{&quot;background_background&quot;:&quot;classic&quot;}\">\n\t\t\t\t\t<div class=\"e-con-inner\">\n\t\t<div class=\"elementor-element elementor-element-30557511 e-flex e-con-boxed e-con e-child\" data-id=\"30557511\" data-element_type=\"container\">\n\t\t\t\t\t<div class=\"e-con-inner\">\n\t\t\t\t<div class=\"elementor-element elementor-element-6a591595 elementor-widget elementor-widget-heading\" data-id=\"6a591595\" data-element_type=\"widget\" data-widget_type=\"heading.default\">\n\t\t\t\t<div class=\"elementor-widget-container\">\n\t\t\t<style>\/*! elementor - v3.23.0 - 15-07-2024 *\/\n.elementor-heading-title{padding:0;margin:0;line-height:1}.elementor-widget-heading .elementor-heading-title[class*=elementor-size-]>a{color:inherit;font-size:inherit;line-height:inherit}.elementor-widget-heading .elementor-heading-title.elementor-size-small{font-size:15px}.elementor-widget-heading .elementor-heading-title.elementor-size-medium{font-size:19px}.elementor-widget-heading .elementor-heading-title.elementor-size-large{font-size:29px}.elementor-widget-heading .elementor-heading-title.elementor-size-xl{font-size:39px}.elementor-widget-heading .elementor-heading-title.elementor-size-xxl{font-size:59px}<\/style><h4 class=\"elementor-heading-title elementor-size-default\">Wassersport auf Borkum<\/h4>\t\t<\/div>\n\t\t\t\t<\/div>\n\t\t\t\t\t<\/div>\n\t\t\t\t<\/div>\n\t\t\t\t\t<\/div>\n\t\t\t\t<\/div>\n\t\t\t\t<\/div>\n\t\t\t\t<\/div>\n\t\t\t\t<\/div>\n\t\t\t\t<\/div>\n\t\t\t\t<\/div>\n\t\t<div class=\"elementor-element elementor-element-8b386f1 restaurant_block e-flex e-con-boxed e-con e-parent\" data-id=\"8b386f1\" data-element_type=\"container\">\n\t\t\t\t\t<div class=\"e-con-inner\">\n\t\t\t\t<div class=\"elementor-element elementor-element-9032899 elementor-widget__width-inherit elementor-widget elementor-widget-heading\" data-id=\"9032899\" data-element_type=\"widget\" data-widget_type=\"heading.default\">\n\t\t\t\t<div class=\"elementor-widget-container\">\n\t\t\t<h2 class=\"elementor-heading-title elementor-size-default\">Wassersport<\/h2>\t\t<\/div>\n\t\t\t\t<\/div>\n\t\t\t\t<div class=\"elementor-element elementor-element-b3966f5 insel-borkum elementor-widget elementor-widget-text-editor\" data-id=\"b3966f5\" data-element_type=\"widget\" data-widget_type=\"text-editor.default\">\n\t\t\t\t<div class=\"elementor-widget-container\">\n\t\t\t<style>\/*! elementor - v3.23.0 - 15-07-2024 *\/\n.elementor-widget-text-editor.elementor-drop-cap-view-stacked .elementor-drop-cap{background-color:#69727d;color:#fff}.elementor-widget-text-editor.elementor-drop-cap-view-framed .elementor-drop-cap{color:#69727d;border:3px solid;background-color:transparent}.elementor-widget-text-editor:not(.elementor-drop-cap-view-default) .elementor-drop-cap{margin-top:8px}.elementor-widget-text-editor:not(.elementor-drop-cap-view-default) .elementor-drop-cap-letter{width:1em;height:1em}.elementor-widget-text-editor .elementor-drop-cap{float:left;text-align:center;line-height:1;font-size:50px}.elementor-widget-text-editor .elementor-drop-cap-letter{display:inline-block}<\/style>\t\t\t\t<p>Ob Kitesurfen, Windsurfen, oder Stand up Paddeling \u2013 all das ist Ihnen auf Borkum m\u00f6glich.<\/p><p>Nicht verpassen sollten Sie auch das Erlebnisbad Gezeitenland, das mit einem umfangreichen Wellness- und Spa\u00dfangebot lockt, inklusive eines FlowRiders f\u00fcr Surfbegeisterte.<\/p>\t\t\t\t\t\t<\/div>\n\t\t\t\t<\/div>\n\t\t<div class=\"elementor-element elementor-element-9a53f97 e-flex e-con-boxed e-con e-child\" data-id=\"9a53f97\" data-element_type=\"container\">\n\t\t\t\t\t<div class=\"e-con-inner\">\n\t\t\t\t<div class=\"elementor-element elementor-element-06bd0e5 elementor-grid-3 elementor-grid-tablet-2 elementor-grid-mobile-1 elementor-widget elementor-widget-loop-grid\" data-id=\"06bd0e5\" data-element_type=\"widget\" data-settings=\"{&quot;template_id&quot;:10698,&quot;_skin&quot;:&quot;post&quot;,&quot;columns&quot;:&quot;3&quot;,&quot;columns_tablet&quot;:&quot;2&quot;,&quot;columns_mobile&quot;:&quot;1&quot;,&quot;edit_handle_selector&quot;:&quot;[data-elementor-type=\\&quot;loop-item\\&quot;]&quot;,&quot;row_gap&quot;:{&quot;unit&quot;:&quot;px&quot;,&quot;size&quot;:&quot;&quot;,&quot;sizes&quot;:[]},&quot;row_gap_widescreen&quot;:{&quot;unit&quot;:&quot;px&quot;,&quot;size&quot;:&quot;&quot;,&quot;sizes&quot;:[]},&quot;row_gap_laptop&quot;:{&quot;unit&quot;:&quot;px&quot;,&quot;size&quot;:&quot;&quot;,&quot;sizes&quot;:[]},&quot;row_gap_tablet&quot;:{&quot;unit&quot;:&quot;px&quot;,&quot;size&quot;:&quot;&quot;,&quot;sizes&quot;:[]},&quot;row_gap_mobile&quot;:{&quot;unit&quot;:&quot;px&quot;,&quot;size&quot;:&quot;&quot;,&quot;sizes&quot;:[]}}\" data-widget_type=\"loop-grid.post\">\n\t\t\t\t<div class=\"elementor-widget-container\">\n\t\t\t<link rel=\"stylesheet\" href=\"https:\/\/www.neteler.eu\/wp-content\/plugins\/elementor-pro\/assets\/css\/widget-loop-builder.min.css?ver=1721663082\">\t\t<div class=\"elementor-loop-container elementor-grid\">\n\t\t<style id=\"loop-10698\">.elementor-10698 .elementor-element.elementor-element-f92d604{--display:flex;--flex-direction:column;--container-widget-width:100%;--container-widget-height:initial;--container-widget-flex-grow:0;--container-widget-align-self:initial;--flex-wrap-mobile:wrap;--background-transition:0.3s;--border-radius:10px 10px 10px 10px;--margin-top:0px;--margin-bottom:20px;--margin-left:0px;--margin-right:20px;--padding-top:0px;--padding-bottom:0px;--padding-left:0px;--padding-right:0px;}.elementor-10698 .elementor-element.elementor-element-f92d604:not(.elementor-motion-effects-element-type-background), .elementor-10698 .elementor-element.elementor-element-f92d604 > .elementor-motion-effects-container > .elementor-motion-effects-layer{background-color:var( --e-global-color-e025b08 );}.elementor-10698 .elementor-element.elementor-element-f92d604, .elementor-10698 .elementor-element.elementor-element-f92d604::before{--border-transition:0.3s;}.elementor-10698 .elementor-element.elementor-element-a0d83bf img{height:250px;border-radius:10px 10px 0px 0px;}.elementor-10698 .elementor-element.elementor-element-a0d83bf > .elementor-widget-container{margin:0px 0px 20px 0px;padding:0px 0px 0px 0px;}.ee-tooltip.ee-tooltip-a0d83bf.to--top,\n\t\t\t\t\t\t\t .ee-tooltip.ee-tooltip-a0d83bf.to--bottom{margin-left:0px;}.ee-tooltip.ee-tooltip-a0d83bf.to--left,\n\t\t\t\t\t\t\t .ee-tooltip.ee-tooltip-a0d83bf.to--right{margin-top:0px;}.elementor-10698 .elementor-element.elementor-element-ccbcc89{--display:flex;--min-height:160px;--background-transition:0.3s;--margin-top:0px;--margin-bottom:0px;--margin-left:0px;--margin-right:0px;--padding-top:0px;--padding-bottom:5px;--padding-left:5px;--padding-right:5px;}.elementor-10698 .elementor-element.elementor-element-83b026b{--display:flex;--gap:10px 0px;--background-transition:0.3s;--margin-top:0px;--margin-bottom:0px;--margin-left:0px;--margin-right:0px;--padding-top:0px;--padding-bottom:10px;--padding-left:10px;--padding-right:10px;}.elementor-10698 .elementor-element.elementor-element-64330a1{text-align:left;}.elementor-10698 .elementor-element.elementor-element-64330a1 .elementor-heading-title{color:var( --e-global-color-accent );font-family:\"Outfit\", Sans-serif;font-size:20px;font-weight:500;}.elementor-10698 .elementor-element.elementor-element-64330a1 > .elementor-widget-container{margin:0px 0px 0px 0px;padding:0px 0px 0px 0px;}.elementor-10698 .elementor-element.elementor-element-0a1bf60{text-align:left;}.elementor-10698 .elementor-element.elementor-element-0a1bf60 > .elementor-widget-container{padding:0px 0px 0px 0px;}.elementor-10698 .elementor-element.elementor-element-3836152{text-align:left;}.elementor-10698 .elementor-element.elementor-element-3836152 > .elementor-widget-container{padding:0px 0px 0px 0px;}.elementor-10698 .elementor-element.elementor-element-1ed5845{text-align:left;}.elementor-10698 .elementor-element.elementor-element-1ed5845 .elementor-heading-title{color:var( --e-global-color-accent );font-family:\"Outfit\", Sans-serif;font-weight:400;}.elementor-10698 .elementor-element.elementor-element-1ed5845 > .elementor-widget-container{margin:0px 0px 0px 0px;padding:0px 0px 0px 0px;}@media(max-width:767px){.elementor-10698 .elementor-element.elementor-element-f92d604{--margin-top:0px;--margin-bottom:20px;--margin-left:0px;--margin-right:0px;--padding-top:0px;--padding-bottom:20px;--padding-left:0px;--padding-right:0px;}}<\/style>\t\t<div data-elementor-type=\"loop-item\" data-elementor-id=\"10698\" class=\"elementor elementor-10698 e-loop-item e-loop-item-10853 post-10853 traveltips type-traveltips status-publish has-post-thumbnail hentry traveltype-borkum traveltype-wassersport\" data-elementor-post-type=\"elementor_library\" data-custom-edit-handle=\"1\">\n\t\t\t<div class=\"elementor-element elementor-element-f92d604 e-con-full e-flex e-con e-child\" data-id=\"f92d604\" data-element_type=\"container\" data-settings=\"{&quot;background_background&quot;:&quot;classic&quot;}\">\n\t\t\t\t<div class=\"elementor-element elementor-element-a0d83bf elementor-widget elementor-widget-image\" data-id=\"a0d83bf\" data-element_type=\"widget\" data-widget_type=\"image.default\">\n\t\t\t\t<div class=\"elementor-widget-container\">\n\t\t\t<style>\/*! elementor - v3.23.0 - 15-07-2024 *\/\n.elementor-widget-image{text-align:center}.elementor-widget-image a{display:inline-block}.elementor-widget-image a img[src$=\".svg\"]{width:48px}.elementor-widget-image img{vertical-align:middle;display:inline-block}<\/style>\t\t\t\t\t\t\t\t\t\t<img fetchpriority=\"high\" decoding=\"async\" width=\"1351\" height=\"971\" src=\"https:\/\/www.neteler.eu\/wp-content\/uploads\/2024\/06\/Bildschirmfoto-2024-07-17-um-16.09.53.png\" class=\"attachment-full size-full wp-image-11574\" alt=\"\" srcset=\"https:\/\/www.neteler.eu\/wp-content\/uploads\/2024\/06\/Bildschirmfoto-2024-07-17-um-16.09.53.png 1351w, https:\/\/www.neteler.eu\/wp-content\/uploads\/2024\/06\/Bildschirmfoto-2024-07-17-um-16.09.53-300x216.png 300w, https:\/\/www.neteler.eu\/wp-content\/uploads\/2024\/06\/Bildschirmfoto-2024-07-17-um-16.09.53-1024x736.png 1024w, https:\/\/www.neteler.eu\/wp-content\/uploads\/2024\/06\/Bildschirmfoto-2024-07-17-um-16.09.53-768x552.png 768w\" sizes=\"(max-width: 1351px) 100vw, 1351px\" \/>\t\t\t\t\t\t\t\t\t\t\t\t\t<\/div>\n\t\t\t\t<\/div>\n\t\t<div class=\"elementor-element elementor-element-ccbcc89 e-flex e-con-boxed e-con e-child\" data-id=\"ccbcc89\" data-element_type=\"container\">\n\t\t\t\t\t<div class=\"e-con-inner\">\n\t\t<div class=\"elementor-element elementor-element-83b026b e-con-full e-flex e-con e-child\" data-id=\"83b026b\" data-element_type=\"container\">\n\t\t\t\t<div class=\"elementor-element elementor-element-0a1bf60 elementor-widget elementor-widget-text-editor\" data-id=\"0a1bf60\" data-element_type=\"widget\" data-widget_type=\"text-editor.default\">\n\t\t\t\t<div class=\"elementor-widget-container\">\n\t\t\t\t\t\t\tGezeitenland\t\t\t\t\t\t<\/div>\n\t\t\t\t<\/div>\n\t\t\t\t<div class=\"elementor-element elementor-element-3836152 elementor-widget elementor-widget-text-editor\" data-id=\"3836152\" data-element_type=\"widget\" data-widget_type=\"text-editor.default\">\n\t\t\t\t<div class=\"elementor-widget-container\">\n\t\t\t\t\t\t\t(04922) 933-600\t\t\t\t\t\t<\/div>\n\t\t\t\t<\/div>\n\t\t\t\t<div class=\"elementor-element elementor-element-1ed5845 elementor-widget elementor-widget-heading\" data-id=\"1ed5845\" data-element_type=\"widget\" data-widget_type=\"heading.default\">\n\t\t\t\t<div class=\"elementor-widget-container\">\n\t\t\t<p class=\"elementor-heading-title elementor-size-default\"><a href=\"https:\/\/www.borkum.de\/gezeitenland\/\" target=\"_blank\">https:\/\/www.borkum.de\/gezeitenland\/<\/a><\/p>\t\t<\/div>\n\t\t\t\t<\/div>\n\t\t\t\t<\/div>\n\t\t\t\t\t<\/div>\n\t\t\t\t<\/div>\n\t\t\t\t<\/div>\n\t\t\t\t<\/div>\n\t\t\t\t<div data-elementor-type=\"loop-item\" data-elementor-id=\"10698\" class=\"elementor elementor-10698 e-loop-item e-loop-item-11096 post-11096 traveltips type-traveltips status-publish has-post-thumbnail hentry traveltype-borkum traveltype-wassersport\" data-elementor-post-type=\"elementor_library\" data-custom-edit-handle=\"1\">\n\t\t\t<div class=\"elementor-element elementor-element-f92d604 e-con-full e-flex e-con e-child\" data-id=\"f92d604\" data-element_type=\"container\" data-settings=\"{&quot;background_background&quot;:&quot;classic&quot;}\">\n\t\t\t\t<div class=\"elementor-element elementor-element-a0d83bf elementor-widget elementor-widget-image\" data-id=\"a0d83bf\" data-element_type=\"widget\" data-widget_type=\"image.default\">\n\t\t\t\t<div class=\"elementor-widget-container\">\n\t\t\t\t\t\t\t\t\t\t\t\t\t<img decoding=\"async\" width=\"640\" height=\"427\" src=\"https:\/\/www.neteler.eu\/wp-content\/uploads\/2024\/06\/wakeboard-1701825_640.jpg\" class=\"attachment-full size-full wp-image-11116\" alt=\"\" srcset=\"https:\/\/www.neteler.eu\/wp-content\/uploads\/2024\/06\/wakeboard-1701825_640.jpg 640w, https:\/\/www.neteler.eu\/wp-content\/uploads\/2024\/06\/wakeboard-1701825_640-300x200.jpg 300w\" sizes=\"(max-width: 640px) 100vw, 640px\" \/>\t\t\t\t\t\t\t\t\t\t\t\t\t<\/div>\n\t\t\t\t<\/div>\n\t\t<div class=\"elementor-element elementor-element-ccbcc89 e-flex e-con-boxed e-con e-child\" data-id=\"ccbcc89\" data-element_type=\"container\">\n\t\t\t\t\t<div class=\"e-con-inner\">\n\t\t<div class=\"elementor-element elementor-element-83b026b e-con-full e-flex e-con e-child\" data-id=\"83b026b\" data-element_type=\"container\">\n\t\t\t\t<div class=\"elementor-element elementor-element-0a1bf60 elementor-widget elementor-widget-text-editor\" data-id=\"0a1bf60\" data-element_type=\"widget\" data-widget_type=\"text-editor.default\">\n\t\t\t\t<div class=\"elementor-widget-container\">\n\t\t\t\t\t\t\tWassersportspa\u00df Borkum\t\t\t\t\t\t<\/div>\n\t\t\t\t<\/div>\n\t\t\t\t<div class=\"elementor-element elementor-element-3836152 elementor-widget elementor-widget-text-editor\" data-id=\"3836152\" data-element_type=\"widget\" data-widget_type=\"text-editor.default\">\n\t\t\t\t<div class=\"elementor-widget-container\">\n\t\t\t\t\t\t\t01625281423\t\t\t\t\t\t<\/div>\n\t\t\t\t<\/div>\n\t\t\t\t<div class=\"elementor-element elementor-element-1ed5845 elementor-widget elementor-widget-heading\" data-id=\"1ed5845\" data-element_type=\"widget\" data-widget_type=\"heading.default\">\n\t\t\t\t<div class=\"elementor-widget-container\">\n\t\t\t<p class=\"elementor-heading-title elementor-size-default\"><a href=\"https:\/\/www.oey-borkum.de\/\" target=\"_blank\">https:\/\/www.oey-borkum.de\/<\/a><\/p>\t\t<\/div>\n\t\t\t\t<\/div>\n\t\t\t\t<\/div>\n\t\t\t\t\t<\/div>\n\t\t\t\t<\/div>\n\t\t\t\t<\/div>\n\t\t\t\t<\/div>\n\t\t\t\t<div data-elementor-type=\"loop-item\" data-elementor-id=\"10698\" class=\"elementor elementor-10698 e-loop-item e-loop-item-11252 post-11252 traveltips type-traveltips status-publish has-post-thumbnail hentry traveltype-borkum traveltype-wassersport\" data-elementor-post-type=\"elementor_library\" data-custom-edit-handle=\"1\">\n\t\t\t<div class=\"elementor-element elementor-element-f92d604 e-con-full e-flex e-con e-child\" data-id=\"f92d604\" data-element_type=\"container\" data-settings=\"{&quot;background_background&quot;:&quot;classic&quot;}\">\n\t\t\t\t<div class=\"elementor-element elementor-element-a0d83bf elementor-widget elementor-widget-image\" data-id=\"a0d83bf\" data-element_type=\"widget\" data-widget_type=\"image.default\">\n\t\t\t\t<div class=\"elementor-widget-container\">\n\t\t\t\t\t\t\t\t\t\t\t\t\t<img decoding=\"async\" width=\"2000\" height=\"1339\" src=\"https:\/\/www.neteler.eu\/wp-content\/uploads\/2024\/07\/Borkum-Kitebuggy-08_Fotocredit-Horst-Nebbe.jpg\" class=\"attachment-full size-full wp-image-11253\" alt=\"\" srcset=\"https:\/\/www.neteler.eu\/wp-content\/uploads\/2024\/07\/Borkum-Kitebuggy-08_Fotocredit-Horst-Nebbe.jpg 2000w, https:\/\/www.neteler.eu\/wp-content\/uploads\/2024\/07\/Borkum-Kitebuggy-08_Fotocredit-Horst-Nebbe-300x201.jpg 300w, https:\/\/www.neteler.eu\/wp-content\/uploads\/2024\/07\/Borkum-Kitebuggy-08_Fotocredit-Horst-Nebbe-1024x686.jpg 1024w, https:\/\/www.neteler.eu\/wp-content\/uploads\/2024\/07\/Borkum-Kitebuggy-08_Fotocredit-Horst-Nebbe-768x514.jpg 768w, https:\/\/www.neteler.eu\/wp-content\/uploads\/2024\/07\/Borkum-Kitebuggy-08_Fotocredit-Horst-Nebbe-1536x1028.jpg 1536w\" sizes=\"(max-width: 2000px) 100vw, 2000px\" \/>\t\t\t\t\t\t\t\t\t\t\t\t\t<\/div>\n\t\t\t\t<\/div>\n\t\t<div class=\"elementor-element elementor-element-ccbcc89 e-flex e-con-boxed e-con e-child\" data-id=\"ccbcc89\" data-element_type=\"container\">\n\t\t\t\t\t<div class=\"e-con-inner\">\n\t\t<div class=\"elementor-element elementor-element-83b026b e-con-full e-flex e-con e-child\" data-id=\"83b026b\" data-element_type=\"container\">\n\t\t\t\t<div class=\"elementor-element elementor-element-0a1bf60 elementor-widget elementor-widget-text-editor\" data-id=\"0a1bf60\" data-element_type=\"widget\" data-widget_type=\"text-editor.default\">\n\t\t\t\t<div class=\"elementor-widget-container\">\n\t\t\t\t\t\t\tWorld of Wind \t\t\t\t\t\t<\/div>\n\t\t\t\t<\/div>\n\t\t\t\t<div class=\"elementor-element elementor-element-3836152 elementor-widget elementor-widget-text-editor\" data-id=\"3836152\" data-element_type=\"widget\" data-widget_type=\"text-editor.default\">\n\t\t\t\t<div class=\"elementor-widget-container\">\n\t\t\t\t\t\t\t0173 532 7087\t\t\t\t\t\t<\/div>\n\t\t\t\t<\/div>\n\t\t\t\t<div class=\"elementor-element elementor-element-1ed5845 elementor-widget elementor-widget-heading\" data-id=\"1ed5845\" data-element_type=\"widget\" data-widget_type=\"heading.default\">\n\t\t\t\t<div class=\"elementor-widget-container\">\n\t\t\t<p class=\"elementor-heading-title elementor-size-default\"><a href=\"http:\/\/www.worldofwind.de\" target=\"_blank\">www.worldofwind.de<\/a><\/p>\t\t<\/div>\n\t\t\t\t<\/div>\n\t\t\t\t<\/div>\n\t\t\t\t\t<\/div>\n\t\t\t\t<\/div>\n\t\t\t\t<\/div>\n\t\t\t\t<\/div>\n\t\t\t\t<\/div>\n\t\t\n\t\t\t\t<\/div>\n\t\t\t\t<\/div>\n\t\t\t\t\t<\/div>\n\t\t\t\t<\/div>\n\t\t\t\t\t<\/div>\n\t\t\t\t<\/div>\n\t\t\t\t<\/div>\n\t\t","protected":false},"excerpt":{"rendered":"<p>Wassersport Ob Kitesurfen, Windsurfen, oder Stand up Paddeling \u2013 all das ist Ihnen auf Borkum m\u00f6glich. Nicht verpassen sollten Sie auch das Erlebnisbad Gezeitenland, das mit einem umfangreichen Wellness- und Spa\u00dfangebot lockt, inklusive eines FlowRiders f\u00fcr Surfbegeisterte.<\/p>\n","protected":false},"author":1,"featured_media":0,"parent":0,"menu_order":0,"comment_status":"closed","ping_status":"closed","template":"","meta":{"_acf_changed":false,"footnotes":""},"class_list":["post-11105","page","type-page","status-publish","hentry"],"acf":[],"yoast_head":"<!-- This site is optimized with the Yoast SEO plugin v23.1 - https:\/\/yoast.com\/wordpress\/plugins\/seo\/ -->\n<title>Wassersport auf Borkum - NETELER Apartments<\/title>\n<meta name=\"robots\" content=\"index, follow, max-snippet:-1, max-image-preview:large, max-video-preview:-1\" \/>\n<link rel=\"canonical\" href=\"https:\/\/www.neteler.eu\/de\/wassersport-auf-borkum\/\" \/>\n<meta property=\"og:locale\" content=\"de_DE\" \/>\n<meta property=\"og:type\" content=\"article\" \/>\n<meta property=\"og:title\" content=\"Wassersport auf Borkum - NETELER Apartments\" \/>\n<meta property=\"og:description\" content=\"Wassersport Ob Kitesurfen, Windsurfen, oder Stand up Paddeling \u2013 all das ist Ihnen auf Borkum m\u00f6glich. Nicht verpassen sollten Sie auch das Erlebnisbad Gezeitenland, das mit einem umfangreichen Wellness- und Spa\u00dfangebot lockt, inklusive eines FlowRiders f\u00fcr Surfbegeisterte.\" \/>\n<meta property=\"og:url\" content=\"https:\/\/www.neteler.eu\/de\/wassersport-auf-borkum\/\" \/>\n<meta property=\"og:site_name\" content=\"NETELER Apartments\" \/>\n<meta property=\"article:modified_time\" content=\"2024-07-15T08:56:13+00:00\" \/>\n<meta name=\"twitter:card\" content=\"summary_large_image\" \/>\n<meta name=\"twitter:label1\" content=\"Gesch\u00e4tzte Lesezeit\" \/>\n\t<meta name=\"twitter:data1\" content=\"2\u00a0Minuten\" \/>\n<script type=\"application\/ld+json\" class=\"yoast-schema-graph\">{\"@context\":\"https:\/\/schema.org\",\"@graph\":[{\"@type\":\"WebPage\",\"@id\":\"https:\/\/www.neteler.eu\/de\/wassersport-auf-borkum\/\",\"url\":\"https:\/\/www.neteler.eu\/de\/wassersport-auf-borkum\/\",\"name\":\"Wassersport auf Borkum - NETELER Apartments\",\"isPartOf\":{\"@id\":\"https:\/\/www.neteler.eu\/de\/#website\"},\"datePublished\":\"2024-06-24T12:48:15+00:00\",\"dateModified\":\"2024-07-15T08:56:13+00:00\",\"breadcrumb\":{\"@id\":\"https:\/\/www.neteler.eu\/de\/wassersport-auf-borkum\/#breadcrumb\"},\"inLanguage\":\"de\",\"potentialAction\":[{\"@type\":\"ReadAction\",\"target\":[\"https:\/\/www.neteler.eu\/de\/wassersport-auf-borkum\/\"]}]},{\"@type\":\"BreadcrumbList\",\"@id\":\"https:\/\/www.neteler.eu\/de\/wassersport-auf-borkum\/#breadcrumb\",\"itemListElement\":[{\"@type\":\"ListItem\",\"position\":1,\"name\":\"Startseite\",\"item\":\"https:\/\/www.neteler.eu\/de\/\"},{\"@type\":\"ListItem\",\"position\":2,\"name\":\"Wassersport auf Borkum\"}]},{\"@type\":\"WebSite\",\"@id\":\"https:\/\/www.neteler.eu\/de\/#website\",\"url\":\"https:\/\/www.neteler.eu\/de\/\",\"name\":\"NETELER Apartments\",\"description\":\"\",\"publisher\":{\"@id\":\"https:\/\/www.neteler.eu\/de\/#organization\"},\"potentialAction\":[{\"@type\":\"SearchAction\",\"target\":{\"@type\":\"EntryPoint\",\"urlTemplate\":\"https:\/\/www.neteler.eu\/de\/?s={search_term_string}\"},\"query-input\":\"required name=search_term_string\"}],\"inLanguage\":\"de\"},{\"@type\":\"Organization\",\"@id\":\"https:\/\/www.neteler.eu\/de\/#organization\",\"name\":\"NETELER Apartments\",\"url\":\"https:\/\/www.neteler.eu\/de\/\",\"logo\":{\"@type\":\"ImageObject\",\"inLanguage\":\"de\",\"@id\":\"https:\/\/www.neteler.eu\/de\/#\/schema\/logo\/image\/\",\"url\":\"https:\/\/www.neteler.eu\/wp-content\/uploads\/2024\/01\/logo-2.png\",\"contentUrl\":\"https:\/\/www.neteler.eu\/wp-content\/uploads\/2024\/01\/logo-2.png\",\"width\":800,\"height\":200,\"caption\":\"NETELER Apartments\"},\"image\":{\"@id\":\"https:\/\/www.neteler.eu\/de\/#\/schema\/logo\/image\/\"}}]}<\/script>\n<!-- \/ Yoast SEO plugin. -->","yoast_head_json":{"title":"Wassersport auf Borkum - NETELER Apartments","robots":{"index":"index","follow":"follow","max-snippet":"max-snippet:-1","max-image-preview":"max-image-preview:large","max-video-preview":"max-video-preview:-1"},"canonical":"https:\/\/www.neteler.eu\/de\/wassersport-auf-borkum\/","og_locale":"de_DE","og_type":"article","og_title":"Wassersport auf Borkum - NETELER Apartments","og_description":"Wassersport Ob Kitesurfen, Windsurfen, oder Stand up Paddeling \u2013 all das ist Ihnen auf Borkum m\u00f6glich. Nicht verpassen sollten Sie auch das Erlebnisbad Gezeitenland, das mit einem umfangreichen Wellness- und Spa\u00dfangebot lockt, inklusive eines FlowRiders f\u00fcr Surfbegeisterte.","og_url":"https:\/\/www.neteler.eu\/de\/wassersport-auf-borkum\/","og_site_name":"NETELER Apartments","article_modified_time":"2024-07-15T08:56:13+00:00","twitter_card":"summary_large_image","twitter_misc":{"Gesch\u00e4tzte Lesezeit":"2\u00a0Minuten"},"schema":{"@context":"https:\/\/schema.org","@graph":[{"@type":"WebPage","@id":"https:\/\/www.neteler.eu\/de\/wassersport-auf-borkum\/","url":"https:\/\/www.neteler.eu\/de\/wassersport-auf-borkum\/","name":"Wassersport auf Borkum - NETELER Apartments","isPartOf":{"@id":"https:\/\/www.neteler.eu\/de\/#website"},"datePublished":"2024-06-24T12:48:15+00:00","dateModified":"2024-07-15T08:56:13+00:00","breadcrumb":{"@id":"https:\/\/www.neteler.eu\/de\/wassersport-auf-borkum\/#breadcrumb"},"inLanguage":"de","potentialAction":[{"@type":"ReadAction","target":["https:\/\/www.neteler.eu\/de\/wassersport-auf-borkum\/"]}]},{"@type":"BreadcrumbList","@id":"https:\/\/www.neteler.eu\/de\/wassersport-auf-borkum\/#breadcrumb","itemListElement":[{"@type":"ListItem","position":1,"name":"Startseite","item":"https:\/\/www.neteler.eu\/de\/"},{"@type":"ListItem","position":2,"name":"Wassersport auf Borkum"}]},{"@type":"WebSite","@id":"https:\/\/www.neteler.eu\/de\/#website","url":"https:\/\/www.neteler.eu\/de\/","name":"NETELER Apartments","description":"","publisher":{"@id":"https:\/\/www.neteler.eu\/de\/#organization"},"potentialAction":[{"@type":"SearchAction","target":{"@type":"EntryPoint","urlTemplate":"https:\/\/www.neteler.eu\/de\/?s={search_term_string}"},"query-input":"required name=search_term_string"}],"inLanguage":"de"},{"@type":"Organization","@id":"https:\/\/www.neteler.eu\/de\/#organization","name":"NETELER Apartments","url":"https:\/\/www.neteler.eu\/de\/","logo":{"@type":"ImageObject","inLanguage":"de","@id":"https:\/\/www.neteler.eu\/de\/#\/schema\/logo\/image\/","url":"https:\/\/www.neteler.eu\/wp-content\/uploads\/2024\/01\/logo-2.png","contentUrl":"https:\/\/www.neteler.eu\/wp-content\/uploads\/2024\/01\/logo-2.png","width":800,"height":200,"caption":"NETELER Apartments"},"image":{"@id":"https:\/\/www.neteler.eu\/de\/#\/schema\/logo\/image\/"}}]}},"_links":{"self":[{"href":"https:\/\/www.neteler.eu\/de\/wp-json\/wp\/v2\/pages\/11105"}],"collection":[{"href":"https:\/\/www.neteler.eu\/de\/wp-json\/wp\/v2\/pages"}],"about":[{"href":"https:\/\/www.neteler.eu\/de\/wp-json\/wp\/v2\/types\/page"}],"author":[{"embeddable":true,"href":"https:\/\/www.neteler.eu\/de\/wp-json\/wp\/v2\/users\/1"}],"replies":[{"embeddable":true,"href":"https:\/\/www.neteler.eu\/de\/wp-json\/wp\/v2\/comments?post=11105"}],"version-history":[{"count":10,"href":"https:\/\/www.neteler.eu\/de\/wp-json\/wp\/v2\/pages\/11105\/revisions"}],"predecessor-version":[{"id":11382,"href":"https:\/\/www.neteler.eu\/de\/wp-json\/wp\/v2\/pages\/11105\/revisions\/11382"}],"wp:attachment":[{"href":"https:\/\/www.neteler.eu\/de\/wp-json\/wp\/v2\/media?parent=11105"}],"curies":[{"name":"wp","href":"https:\/\/api.w.org\/{rel}","templated":true}]}}