{"id":1154,"date":"2024-01-24T12:13:48","date_gmt":"2024-01-24T11:13:48","guid":{"rendered":"https:\/\/www.neteler.eu\/?page_id=1154"},"modified":"2024-07-15T11:10:37","modified_gmt":"2024-07-15T09:10:37","slug":"faq","status":"publish","type":"page","link":"https:\/\/www.neteler.eu\/de\/faq\/","title":{"rendered":"FAQ"},"content":{"rendered":"\t\t<div data-elementor-type=\"wp-page\" data-elementor-id=\"1154\" class=\"elementor elementor-1154\" data-elementor-post-type=\"page\">\n\t\t\t\t<div class=\"elementor-element elementor-element-344c550 e-con-full e-flex e-con e-parent\" data-id=\"344c550\" data-element_type=\"container\">\n\t\t\t\t<div class=\"elementor-element elementor-element-83634a1 elementor-widget elementor-widget-template\" data-id=\"83634a1\" data-element_type=\"widget\" data-widget_type=\"template.default\">\n\t\t\t\t<div class=\"elementor-widget-container\">\n\t\t\t\t\t<div class=\"elementor-template\">\n\t\t\t\t\t<div data-elementor-type=\"container\" data-elementor-id=\"8666\" class=\"elementor elementor-8666\" data-elementor-post-type=\"elementor_library\">\n\t\t\t\t<div class=\"elementor-element elementor-element-3799b24a e-flex e-con-boxed e-con e-parent\" data-id=\"3799b24a\" data-element_type=\"container\" data-settings=\"{&quot;background_background&quot;:&quot;classic&quot;}\">\n\t\t\t\t\t<div class=\"e-con-inner\">\n\t\t<div class=\"elementor-element elementor-element-30557511 e-flex e-con-boxed e-con e-child\" data-id=\"30557511\" data-element_type=\"container\">\n\t\t\t\t\t<div class=\"e-con-inner\">\n\t\t\t\t<div class=\"elementor-element elementor-element-6a591595 elementor-widget elementor-widget-heading\" data-id=\"6a591595\" data-element_type=\"widget\" data-widget_type=\"heading.default\">\n\t\t\t\t<div class=\"elementor-widget-container\">\n\t\t\t<style>\/*! elementor - v3.23.0 - 15-07-2024 *\/\n.elementor-heading-title{padding:0;margin:0;line-height:1}.elementor-widget-heading .elementor-heading-title[class*=elementor-size-]>a{color:inherit;font-size:inherit;line-height:inherit}.elementor-widget-heading .elementor-heading-title.elementor-size-small{font-size:15px}.elementor-widget-heading .elementor-heading-title.elementor-size-medium{font-size:19px}.elementor-widget-heading .elementor-heading-title.elementor-size-large{font-size:29px}.elementor-widget-heading .elementor-heading-title.elementor-size-xl{font-size:39px}.elementor-widget-heading .elementor-heading-title.elementor-size-xxl{font-size:59px}<\/style><h4 class=\"elementor-heading-title elementor-size-default\">FAQ<\/h4>\t\t<\/div>\n\t\t\t\t<\/div>\n\t\t\t\t\t<\/div>\n\t\t\t\t<\/div>\n\t\t\t\t\t<\/div>\n\t\t\t\t<\/div>\n\t\t\t\t<\/div>\n\t\t\t\t<\/div>\n\t\t\t\t<\/div>\n\t\t\t\t<\/div>\n\t\t\t\t<\/div>\n\t\t<div class=\"elementor-element elementor-element-6688f7c e-flex e-con-boxed e-con e-parent\" data-id=\"6688f7c\" data-element_type=\"container\">\n\t\t\t\t\t<div class=\"e-con-inner\">\n\t\t\t\t<div class=\"elementor-element elementor-element-e22e0d6 elementor-widget__width-inherit elementor-widget elementor-widget-heading\" data-id=\"e22e0d6\" data-element_type=\"widget\" data-widget_type=\"heading.default\">\n\t\t\t\t<div class=\"elementor-widget-container\">\n\t\t\t<h2 class=\"elementor-heading-title elementor-size-default\">H\u00e4ufige Fragen beantwortet<\/h2>\t\t<\/div>\n\t\t\t\t<\/div>\n\t\t\t\t<div class=\"elementor-element elementor-element-a9746d5 faq elementor-widget elementor-widget-accordion\" data-id=\"a9746d5\" data-element_type=\"widget\" data-widget_type=\"accordion.default\">\n\t\t\t\t<div class=\"elementor-widget-container\">\n\t\t\t<style>.elementor-accordion{text-align:start}.elementor-accordion .elementor-accordion-item{border:1px solid #d5d8dc}.elementor-accordion .elementor-accordion-item+.elementor-accordion-item{border-top:none}.elementor-accordion .elementor-tab-title{margin:0;padding:15px 20px;font-weight:700;line-height:1;cursor:pointer;outline:none}.elementor-accordion .elementor-tab-title .elementor-accordion-icon{display:inline-block;width:1.5em}.elementor-accordion .elementor-tab-title .elementor-accordion-icon svg{width:1em;height:1em}.elementor-accordion .elementor-tab-title .elementor-accordion-icon.elementor-accordion-icon-right{float:right;text-align:right}.elementor-accordion .elementor-tab-title .elementor-accordion-icon.elementor-accordion-icon-left{float:left;text-align:left}.elementor-accordion .elementor-tab-title .elementor-accordion-icon .elementor-accordion-icon-closed{display:block}.elementor-accordion .elementor-tab-title .elementor-accordion-icon .elementor-accordion-icon-opened,.elementor-accordion .elementor-tab-title.elementor-active .elementor-accordion-icon-closed{display:none}.elementor-accordion .elementor-tab-title.elementor-active .elementor-accordion-icon-opened{display:block}.elementor-accordion .elementor-tab-content{display:none;padding:15px 20px;border-top:1px solid #d5d8dc}@media (max-width:767px){.elementor-accordion .elementor-tab-title{padding:12px 15px}.elementor-accordion .elementor-tab-title .elementor-accordion-icon{width:1.2em}.elementor-accordion .elementor-tab-content{padding:7px 15px}}.e-con-inner>.elementor-widget-accordion,.e-con>.elementor-widget-accordion{width:var(--container-widget-width);--flex-grow:var(--container-widget-flex-grow)}<\/style>\t\t<div class=\"elementor-accordion\">\n\t\t\t\t\t\t\t<div class=\"elementor-accordion-item\">\n\t\t\t\t\t<h5 id=\"elementor-tab-title-1771\" class=\"elementor-tab-title\" data-tab=\"1\" role=\"button\" aria-controls=\"elementor-tab-content-1771\" aria-expanded=\"false\">\n\t\t\t\t\t\t\t\t\t\t\t\t\t<span class=\"elementor-accordion-icon elementor-accordion-icon-right\" aria-hidden=\"true\">\n\t\t\t\t\t\t\t\t\t\t\t\t\t\t\t<span class=\"elementor-accordion-icon-closed\"><svg xmlns=\"http:\/\/www.w3.org\/2000\/svg\" viewBox=\"0 0 512 512\"><path fill=\"#c9aa72\" d=\"M256 0a256 256 0 1 0 0 512A256 256 0 1 0 256 0zM135 241c-9.4-9.4-9.4-24.6 0-33.9s24.6-9.4 33.9 0l87 87 87-87c9.4-9.4 24.6-9.4 33.9 0s9.4 24.6 0 33.9L273 345c-9.4 9.4-24.6 9.4-33.9 0L135 241z\"><\/path><\/svg><\/span>\n\t\t\t\t\t\t\t\t<span class=\"elementor-accordion-icon-opened\"><svg xmlns=\"http:\/\/www.w3.org\/2000\/svg\" viewBox=\"0 0 512 512\"><path fill=\"#c9aa72\" d=\"M256 512A256 256 0 1 0 256 0a256 256 0 1 0 0 512zM377 271c9.4 9.4 9.4 24.6 0 33.9s-24.6 9.4-33.9 0l-87-87-87 87c-9.4 9.4-24.6 9.4-33.9 0s-9.4-24.6 0-33.9L239 167c9.4-9.4 24.6-9.4 33.9 0L377 271z\"><\/path><\/svg><\/span>\n\t\t\t\t\t\t\t\t\t\t\t\t\t\t<\/span>\n\t\t\t\t\t\t\t\t\t\t\t\t<a class=\"elementor-accordion-title\" tabindex=\"0\">Wie sind die Check-in und Check-out Zeiten?<\/a>\n\t\t\t\t\t<\/h5>\n\t\t\t\t\t<div id=\"elementor-tab-content-1771\" class=\"elementor-tab-content elementor-clearfix\" data-tab=\"1\" role=\"region\" aria-labelledby=\"elementor-tab-title-1771\"><p>Ein Check-in ist ab 16 Uhr m\u00f6glich. Der Check-out soll bis 10 Uhr am Vormittag der Abreise erfolgen.<\/p><\/div>\n\t\t\t\t<\/div>\n\t\t\t\t\t\t\t<div class=\"elementor-accordion-item\">\n\t\t\t\t\t<h5 id=\"elementor-tab-title-1772\" class=\"elementor-tab-title\" data-tab=\"2\" role=\"button\" aria-controls=\"elementor-tab-content-1772\" aria-expanded=\"false\">\n\t\t\t\t\t\t\t\t\t\t\t\t\t<span class=\"elementor-accordion-icon elementor-accordion-icon-right\" aria-hidden=\"true\">\n\t\t\t\t\t\t\t\t\t\t\t\t\t\t\t<span class=\"elementor-accordion-icon-closed\"><svg xmlns=\"http:\/\/www.w3.org\/2000\/svg\" viewBox=\"0 0 512 512\"><path fill=\"#c9aa72\" d=\"M256 0a256 256 0 1 0 0 512A256 256 0 1 0 256 0zM135 241c-9.4-9.4-9.4-24.6 0-33.9s24.6-9.4 33.9 0l87 87 87-87c9.4-9.4 24.6-9.4 33.9 0s9.4 24.6 0 33.9L273 345c-9.4 9.4-24.6 9.4-33.9 0L135 241z\"><\/path><\/svg><\/span>\n\t\t\t\t\t\t\t\t<span class=\"elementor-accordion-icon-opened\"><svg xmlns=\"http:\/\/www.w3.org\/2000\/svg\" viewBox=\"0 0 512 512\"><path fill=\"#c9aa72\" d=\"M256 512A256 256 0 1 0 256 0a256 256 0 1 0 0 512zM377 271c9.4 9.4 9.4 24.6 0 33.9s-24.6 9.4-33.9 0l-87-87-87 87c-9.4 9.4-24.6 9.4-33.9 0s-9.4-24.6 0-33.9L239 167c9.4-9.4 24.6-9.4 33.9 0L377 271z\"><\/path><\/svg><\/span>\n\t\t\t\t\t\t\t\t\t\t\t\t\t\t<\/span>\n\t\t\t\t\t\t\t\t\t\t\t\t<a class=\"elementor-accordion-title\" tabindex=\"0\">Wie erhalte ich am Anreisetag Zugang zu der gebuchten Ferienwohnung?<\/a>\n\t\t\t\t\t<\/h5>\n\t\t\t\t\t<div id=\"elementor-tab-content-1772\" class=\"elementor-tab-content elementor-clearfix\" data-tab=\"2\" role=\"region\" aria-labelledby=\"elementor-tab-title-1772\"><p>Jeder unser Ferienwohnungen besitzt einen Schl\u00fcsselsafe, f\u00fcr den Sie circa 14 Tage vor Anreise alle Informationen und Ihren pers\u00f6nlichen Code per Mail erhalten.<\/p><\/div>\n\t\t\t\t<\/div>\n\t\t\t\t\t\t\t<div class=\"elementor-accordion-item\">\n\t\t\t\t\t<h5 id=\"elementor-tab-title-1773\" class=\"elementor-tab-title\" data-tab=\"3\" role=\"button\" aria-controls=\"elementor-tab-content-1773\" aria-expanded=\"false\">\n\t\t\t\t\t\t\t\t\t\t\t\t\t<span class=\"elementor-accordion-icon elementor-accordion-icon-right\" aria-hidden=\"true\">\n\t\t\t\t\t\t\t\t\t\t\t\t\t\t\t<span class=\"elementor-accordion-icon-closed\"><svg xmlns=\"http:\/\/www.w3.org\/2000\/svg\" viewBox=\"0 0 512 512\"><path fill=\"#c9aa72\" d=\"M256 0a256 256 0 1 0 0 512A256 256 0 1 0 256 0zM135 241c-9.4-9.4-9.4-24.6 0-33.9s24.6-9.4 33.9 0l87 87 87-87c9.4-9.4 24.6-9.4 33.9 0s9.4 24.6 0 33.9L273 345c-9.4 9.4-24.6 9.4-33.9 0L135 241z\"><\/path><\/svg><\/span>\n\t\t\t\t\t\t\t\t<span class=\"elementor-accordion-icon-opened\"><svg xmlns=\"http:\/\/www.w3.org\/2000\/svg\" viewBox=\"0 0 512 512\"><path fill=\"#c9aa72\" d=\"M256 512A256 256 0 1 0 256 0a256 256 0 1 0 0 512zM377 271c9.4 9.4 9.4 24.6 0 33.9s-24.6 9.4-33.9 0l-87-87-87 87c-9.4 9.4-24.6 9.4-33.9 0s-9.4-24.6 0-33.9L239 167c9.4-9.4 24.6-9.4 33.9 0L377 271z\"><\/path><\/svg><\/span>\n\t\t\t\t\t\t\t\t\t\t\t\t\t\t<\/span>\n\t\t\t\t\t\t\t\t\t\t\t\t<a class=\"elementor-accordion-title\" tabindex=\"0\">Ist es m\u00f6glich, am Anreisetag die Ferienwohnung fr\u00fcher beziehen zu k\u00f6nnen oder am Abreisetag sp\u00e4ter auszuchecken?<\/a>\n\t\t\t\t\t<\/h5>\n\t\t\t\t\t<div id=\"elementor-tab-content-1773\" class=\"elementor-tab-content elementor-clearfix\" data-tab=\"3\" role=\"region\" aria-labelledby=\"elementor-tab-title-1773\"><p>Den Plan unseres Services wollen wir nicht zu jederzeit beeinflussen. Gibt es keinen Tageswechsel am Anreise-\/Abreisetag, so ist dies um 1-2 Stunden m\u00f6glich. Kontaktieren Sie uns daf\u00fcr bitte 2 Tage vor Anreise\/Abreise.<\/p><\/div>\n\t\t\t\t<\/div>\n\t\t\t\t\t\t\t<div class=\"elementor-accordion-item\">\n\t\t\t\t\t<h5 id=\"elementor-tab-title-1774\" class=\"elementor-tab-title\" data-tab=\"4\" role=\"button\" aria-controls=\"elementor-tab-content-1774\" aria-expanded=\"false\">\n\t\t\t\t\t\t\t\t\t\t\t\t\t<span class=\"elementor-accordion-icon elementor-accordion-icon-right\" aria-hidden=\"true\">\n\t\t\t\t\t\t\t\t\t\t\t\t\t\t\t<span class=\"elementor-accordion-icon-closed\"><svg xmlns=\"http:\/\/www.w3.org\/2000\/svg\" viewBox=\"0 0 512 512\"><path fill=\"#c9aa72\" d=\"M256 0a256 256 0 1 0 0 512A256 256 0 1 0 256 0zM135 241c-9.4-9.4-9.4-24.6 0-33.9s24.6-9.4 33.9 0l87 87 87-87c9.4-9.4 24.6-9.4 33.9 0s9.4 24.6 0 33.9L273 345c-9.4 9.4-24.6 9.4-33.9 0L135 241z\"><\/path><\/svg><\/span>\n\t\t\t\t\t\t\t\t<span class=\"elementor-accordion-icon-opened\"><svg xmlns=\"http:\/\/www.w3.org\/2000\/svg\" viewBox=\"0 0 512 512\"><path fill=\"#c9aa72\" d=\"M256 512A256 256 0 1 0 256 0a256 256 0 1 0 0 512zM377 271c9.4 9.4 9.4 24.6 0 33.9s-24.6 9.4-33.9 0l-87-87-87 87c-9.4 9.4-24.6 9.4-33.9 0s-9.4-24.6 0-33.9L239 167c9.4-9.4 24.6-9.4 33.9 0L377 271z\"><\/path><\/svg><\/span>\n\t\t\t\t\t\t\t\t\t\t\t\t\t\t<\/span>\n\t\t\t\t\t\t\t\t\t\t\t\t<a class=\"elementor-accordion-title\" tabindex=\"0\">Wie ist die K\u00fcche ausgestattet?<\/a>\n\t\t\t\t\t<\/h5>\n\t\t\t\t\t<div id=\"elementor-tab-content-1774\" class=\"elementor-tab-content elementor-clearfix\" data-tab=\"4\" role=\"region\" aria-labelledby=\"elementor-tab-title-1774\"><p>In den K\u00fcchen befinden sich Filterkaffeemaschinen. Bitte ber\u00fccksichtigen Sie, dass keinerlei Gew\u00fcrze, \u00d6l oder \u00e4hnliches in der Wohnung vorhanden ist, um eine gewisse Hygiene gew\u00e4hrleisten zu k\u00f6nnen.<\/p><\/div>\n\t\t\t\t<\/div>\n\t\t\t\t\t\t\t<div class=\"elementor-accordion-item\">\n\t\t\t\t\t<h5 id=\"elementor-tab-title-1775\" class=\"elementor-tab-title\" data-tab=\"5\" role=\"button\" aria-controls=\"elementor-tab-content-1775\" aria-expanded=\"false\">\n\t\t\t\t\t\t\t\t\t\t\t\t\t<span class=\"elementor-accordion-icon elementor-accordion-icon-right\" aria-hidden=\"true\">\n\t\t\t\t\t\t\t\t\t\t\t\t\t\t\t<span class=\"elementor-accordion-icon-closed\"><svg xmlns=\"http:\/\/www.w3.org\/2000\/svg\" viewBox=\"0 0 512 512\"><path fill=\"#c9aa72\" d=\"M256 0a256 256 0 1 0 0 512A256 256 0 1 0 256 0zM135 241c-9.4-9.4-9.4-24.6 0-33.9s24.6-9.4 33.9 0l87 87 87-87c9.4-9.4 24.6-9.4 33.9 0s9.4 24.6 0 33.9L273 345c-9.4 9.4-24.6 9.4-33.9 0L135 241z\"><\/path><\/svg><\/span>\n\t\t\t\t\t\t\t\t<span class=\"elementor-accordion-icon-opened\"><svg xmlns=\"http:\/\/www.w3.org\/2000\/svg\" viewBox=\"0 0 512 512\"><path fill=\"#c9aa72\" d=\"M256 512A256 256 0 1 0 256 0a256 256 0 1 0 0 512zM377 271c9.4 9.4 9.4 24.6 0 33.9s-24.6 9.4-33.9 0l-87-87-87 87c-9.4 9.4-24.6 9.4-33.9 0s-9.4-24.6 0-33.9L239 167c9.4-9.4 24.6-9.4 33.9 0L377 271z\"><\/path><\/svg><\/span>\n\t\t\t\t\t\t\t\t\t\t\t\t\t\t<\/span>\n\t\t\t\t\t\t\t\t\t\t\t\t<a class=\"elementor-accordion-title\" tabindex=\"0\">Sind Bettw\u00e4sche und Handt\u00fccher vorhanden?<\/a>\n\t\t\t\t\t<\/h5>\n\t\t\t\t\t<div id=\"elementor-tab-content-1775\" class=\"elementor-tab-content elementor-clearfix\" data-tab=\"5\" role=\"region\" aria-labelledby=\"elementor-tab-title-1775\"><p>Die Bereitstellung von Bettw\u00e4sche, Handt\u00fcchern und K\u00fcchent\u00fcchern ist im Preis inbegriffen. Dazu geh\u00f6ren keine Sauna- oder Badehandt\u00fccher. In einigen Wohnungen k\u00f6nnen Saunahandt\u00fccher f\u00fcr einen kleinen Aufpreis dazugebucht werden. Au\u00dferdem erhalten Sie eine kleine Erstausstattung mit Toilettenpapier und Sp\u00fclmaschinentabs f\u00fcr die ersten Tage.<\/p><\/div>\n\t\t\t\t<\/div>\n\t\t\t\t\t\t\t<div class=\"elementor-accordion-item\">\n\t\t\t\t\t<h5 id=\"elementor-tab-title-1776\" class=\"elementor-tab-title\" data-tab=\"6\" role=\"button\" aria-controls=\"elementor-tab-content-1776\" aria-expanded=\"false\">\n\t\t\t\t\t\t\t\t\t\t\t\t\t<span class=\"elementor-accordion-icon elementor-accordion-icon-right\" aria-hidden=\"true\">\n\t\t\t\t\t\t\t\t\t\t\t\t\t\t\t<span class=\"elementor-accordion-icon-closed\"><svg xmlns=\"http:\/\/www.w3.org\/2000\/svg\" viewBox=\"0 0 512 512\"><path fill=\"#c9aa72\" d=\"M256 0a256 256 0 1 0 0 512A256 256 0 1 0 256 0zM135 241c-9.4-9.4-9.4-24.6 0-33.9s24.6-9.4 33.9 0l87 87 87-87c9.4-9.4 24.6-9.4 33.9 0s9.4 24.6 0 33.9L273 345c-9.4 9.4-24.6 9.4-33.9 0L135 241z\"><\/path><\/svg><\/span>\n\t\t\t\t\t\t\t\t<span class=\"elementor-accordion-icon-opened\"><svg xmlns=\"http:\/\/www.w3.org\/2000\/svg\" viewBox=\"0 0 512 512\"><path fill=\"#c9aa72\" d=\"M256 512A256 256 0 1 0 256 0a256 256 0 1 0 0 512zM377 271c9.4 9.4 9.4 24.6 0 33.9s-24.6 9.4-33.9 0l-87-87-87 87c-9.4 9.4-24.6 9.4-33.9 0s-9.4-24.6 0-33.9L239 167c9.4-9.4 24.6-9.4 33.9 0L377 271z\"><\/path><\/svg><\/span>\n\t\t\t\t\t\t\t\t\t\t\t\t\t\t<\/span>\n\t\t\t\t\t\t\t\t\t\t\t\t<a class=\"elementor-accordion-title\" tabindex=\"0\">Wie erhalte ich die G\u00e4stekarten?<\/a>\n\t\t\t\t\t<\/h5>\n\t\t\t\t\t<div id=\"elementor-tab-content-1776\" class=\"elementor-tab-content elementor-clearfix\" data-tab=\"6\" role=\"region\" aria-labelledby=\"elementor-tab-title-1776\"><p>Die Kurkarten senden wir Ihnen einige Wochen vor Ihrer Anreise per Mail zu. Ein Versand auf dem Postweg erfolgt nicht. Sie k\u00f6nnen die G\u00e4stekarte und den beigef\u00fcgten Meldeschein ausdrucken, oder digital auf ihrem Smartphone bereithalten. Bitte informieren Sie uns fr\u00fchzeitig, sollten Sie vom G\u00e4stebeitrag befreit sein (beruflich auf der Insel) oder eine Erm\u00e4\u00dfigung aufgrund einer Schwerbehinderung (100% oder Merkzeichen B) erhalten!<\/p><\/div>\n\t\t\t\t<\/div>\n\t\t\t\t\t\t\t<div class=\"elementor-accordion-item\">\n\t\t\t\t\t<h5 id=\"elementor-tab-title-1777\" class=\"elementor-tab-title\" data-tab=\"7\" role=\"button\" aria-controls=\"elementor-tab-content-1777\" aria-expanded=\"false\">\n\t\t\t\t\t\t\t\t\t\t\t\t\t<span class=\"elementor-accordion-icon elementor-accordion-icon-right\" aria-hidden=\"true\">\n\t\t\t\t\t\t\t\t\t\t\t\t\t\t\t<span class=\"elementor-accordion-icon-closed\"><svg xmlns=\"http:\/\/www.w3.org\/2000\/svg\" viewBox=\"0 0 512 512\"><path fill=\"#c9aa72\" d=\"M256 0a256 256 0 1 0 0 512A256 256 0 1 0 256 0zM135 241c-9.4-9.4-9.4-24.6 0-33.9s24.6-9.4 33.9 0l87 87 87-87c9.4-9.4 24.6-9.4 33.9 0s9.4 24.6 0 33.9L273 345c-9.4 9.4-24.6 9.4-33.9 0L135 241z\"><\/path><\/svg><\/span>\n\t\t\t\t\t\t\t\t<span class=\"elementor-accordion-icon-opened\"><svg xmlns=\"http:\/\/www.w3.org\/2000\/svg\" viewBox=\"0 0 512 512\"><path fill=\"#c9aa72\" d=\"M256 512A256 256 0 1 0 256 0a256 256 0 1 0 0 512zM377 271c9.4 9.4 9.4 24.6 0 33.9s-24.6 9.4-33.9 0l-87-87-87 87c-9.4 9.4-24.6 9.4-33.9 0s-9.4-24.6 0-33.9L239 167c9.4-9.4 24.6-9.4 33.9 0L377 271z\"><\/path><\/svg><\/span>\n\t\t\t\t\t\t\t\t\t\t\t\t\t\t<\/span>\n\t\t\t\t\t\t\t\t\t\t\t\t<a class=\"elementor-accordion-title\" tabindex=\"0\">K\u00f6nnen wir unsere Koffer vor dem Check-in\/nach dem Check-out abstellen?<\/a>\n\t\t\t\t\t<\/h5>\n\t\t\t\t\t<div id=\"elementor-tab-content-1777\" class=\"elementor-tab-content elementor-clearfix\" data-tab=\"7\" role=\"region\" aria-labelledby=\"elementor-tab-title-1777\"><p>Ja, dass ist in jedem Fall m\u00f6glich. Kontaktieren Sie uns gerne, damit wir Ihnen n\u00e4here Informationen geben k\u00f6nnen.<\/p><\/div>\n\t\t\t\t<\/div>\n\t\t\t\t\t\t\t\t<\/div>\n\t\t\t\t<\/div>\n\t\t\t\t<\/div>\n\t\t\t\t\t<\/div>\n\t\t\t\t<\/div>\n\t\t\t\t<\/div>\n\t\t","protected":false},"excerpt":{"rendered":"<p>H\u00e4ufige Fragen beantwortet Wie sind die Check-in und Check-out Zeiten? Ein Check-in ist ab 16 Uhr m\u00f6glich. Der Check-out soll bis 10 Uhr am Vormittag der Abreise erfolgen. Wie erhalte ich am Anreisetag Zugang zu der gebuchten Ferienwohnung? Jeder unser Ferienwohnungen besitzt einen Schl\u00fcsselsafe, f\u00fcr den Sie circa 14 Tage vor Anreise alle Informationen und [&hellip;]<\/p>\n","protected":false},"author":1,"featured_media":10077,"parent":0,"menu_order":0,"comment_status":"closed","ping_status":"closed","template":"","meta":{"_acf_changed":false,"footnotes":""},"class_list":["post-1154","page","type-page","status-publish","has-post-thumbnail","hentry"],"acf":[],"yoast_head":"<!-- This site is optimized with the Yoast SEO plugin v23.1 - https:\/\/yoast.com\/wordpress\/plugins\/seo\/ -->\n<title>FAQ - NETELER Apartments<\/title>\n<meta name=\"description\" content=\"Haben Sie Fragen zu Ihrem Urlaub bei uns? Dann werfen Sie gerne einen Blick auf unsere FAQs. F\u00fcr alles weitere nehmen Sie gerne Kontakt auf.\" \/>\n<meta name=\"robots\" content=\"index, follow, max-snippet:-1, max-image-preview:large, max-video-preview:-1\" \/>\n<link rel=\"canonical\" href=\"https:\/\/www.neteler.eu\/de\/faq\/\" \/>\n<meta property=\"og:locale\" content=\"de_DE\" \/>\n<meta property=\"og:type\" content=\"article\" \/>\n<meta property=\"og:title\" content=\"FAQ - NETELER Apartments\" \/>\n<meta property=\"og:description\" content=\"Haben Sie Fragen zu Ihrem Urlaub bei uns? Dann werfen Sie gerne einen Blick auf unsere FAQs. F\u00fcr alles weitere nehmen Sie gerne Kontakt auf.\" \/>\n<meta property=\"og:url\" content=\"https:\/\/www.neteler.eu\/de\/faq\/\" \/>\n<meta property=\"og:site_name\" content=\"NETELER Apartments\" \/>\n<meta property=\"article:modified_time\" content=\"2024-07-15T09:10:37+00:00\" \/>\n<meta property=\"og:image\" content=\"https:\/\/www.neteler.eu\/wp-content\/uploads\/2024\/05\/94A1229-1-scaled.jpg\" \/>\n\t<meta property=\"og:image:width\" content=\"2560\" \/>\n\t<meta property=\"og:image:height\" content=\"1707\" \/>\n\t<meta property=\"og:image:type\" content=\"image\/jpeg\" \/>\n<meta name=\"twitter:card\" content=\"summary_large_image\" \/>\n<meta name=\"twitter:label1\" content=\"Gesch\u00e4tzte Lesezeit\" \/>\n\t<meta name=\"twitter:data1\" content=\"2\u00a0Minuten\" \/>\n<script type=\"application\/ld+json\" class=\"yoast-schema-graph\">{\"@context\":\"https:\/\/schema.org\",\"@graph\":[{\"@type\":\"WebPage\",\"@id\":\"https:\/\/www.neteler.eu\/de\/faq\/\",\"url\":\"https:\/\/www.neteler.eu\/de\/faq\/\",\"name\":\"FAQ - NETELER Apartments\",\"isPartOf\":{\"@id\":\"https:\/\/www.neteler.eu\/de\/#website\"},\"primaryImageOfPage\":{\"@id\":\"https:\/\/www.neteler.eu\/de\/faq\/#primaryimage\"},\"image\":{\"@id\":\"https:\/\/www.neteler.eu\/de\/faq\/#primaryimage\"},\"thumbnailUrl\":\"https:\/\/www.neteler.eu\/wp-content\/uploads\/2024\/05\/94A1229-1-scaled.jpg\",\"datePublished\":\"2024-01-24T11:13:48+00:00\",\"dateModified\":\"2024-07-15T09:10:37+00:00\",\"description\":\"Haben Sie Fragen zu Ihrem Urlaub bei uns? Dann werfen Sie gerne einen Blick auf unsere FAQs. F\u00fcr alles weitere nehmen Sie gerne Kontakt auf.\",\"breadcrumb\":{\"@id\":\"https:\/\/www.neteler.eu\/de\/faq\/#breadcrumb\"},\"inLanguage\":\"de\",\"potentialAction\":[{\"@type\":\"ReadAction\",\"target\":[\"https:\/\/www.neteler.eu\/de\/faq\/\"]}]},{\"@type\":\"ImageObject\",\"inLanguage\":\"de\",\"@id\":\"https:\/\/www.neteler.eu\/de\/faq\/#primaryimage\",\"url\":\"https:\/\/www.neteler.eu\/wp-content\/uploads\/2024\/05\/94A1229-1-scaled.jpg\",\"contentUrl\":\"https:\/\/www.neteler.eu\/wp-content\/uploads\/2024\/05\/94A1229-1-scaled.jpg\",\"width\":2560,\"height\":1707},{\"@type\":\"BreadcrumbList\",\"@id\":\"https:\/\/www.neteler.eu\/de\/faq\/#breadcrumb\",\"itemListElement\":[{\"@type\":\"ListItem\",\"position\":1,\"name\":\"Startseite\",\"item\":\"https:\/\/www.neteler.eu\/de\/\"},{\"@type\":\"ListItem\",\"position\":2,\"name\":\"FAQ\"}]},{\"@type\":\"WebSite\",\"@id\":\"https:\/\/www.neteler.eu\/de\/#website\",\"url\":\"https:\/\/www.neteler.eu\/de\/\",\"name\":\"NETELER Apartments\",\"description\":\"\",\"publisher\":{\"@id\":\"https:\/\/www.neteler.eu\/de\/#organization\"},\"potentialAction\":[{\"@type\":\"SearchAction\",\"target\":{\"@type\":\"EntryPoint\",\"urlTemplate\":\"https:\/\/www.neteler.eu\/de\/?s={search_term_string}\"},\"query-input\":\"required name=search_term_string\"}],\"inLanguage\":\"de\"},{\"@type\":\"Organization\",\"@id\":\"https:\/\/www.neteler.eu\/de\/#organization\",\"name\":\"NETELER Apartments\",\"url\":\"https:\/\/www.neteler.eu\/de\/\",\"logo\":{\"@type\":\"ImageObject\",\"inLanguage\":\"de\",\"@id\":\"https:\/\/www.neteler.eu\/de\/#\/schema\/logo\/image\/\",\"url\":\"https:\/\/www.neteler.eu\/wp-content\/uploads\/2024\/01\/logo-2.png\",\"contentUrl\":\"https:\/\/www.neteler.eu\/wp-content\/uploads\/2024\/01\/logo-2.png\",\"width\":800,\"height\":200,\"caption\":\"NETELER Apartments\"},\"image\":{\"@id\":\"https:\/\/www.neteler.eu\/de\/#\/schema\/logo\/image\/\"}}]}<\/script>\n<!-- \/ Yoast SEO plugin. -->","yoast_head_json":{"title":"FAQ - NETELER Apartments","description":"Haben Sie Fragen zu Ihrem Urlaub bei uns? Dann werfen Sie gerne einen Blick auf unsere FAQs. F\u00fcr alles weitere nehmen Sie gerne Kontakt auf.","robots":{"index":"index","follow":"follow","max-snippet":"max-snippet:-1","max-image-preview":"max-image-preview:large","max-video-preview":"max-video-preview:-1"},"canonical":"https:\/\/www.neteler.eu\/de\/faq\/","og_locale":"de_DE","og_type":"article","og_title":"FAQ - NETELER Apartments","og_description":"Haben Sie Fragen zu Ihrem Urlaub bei uns? Dann werfen Sie gerne einen Blick auf unsere FAQs. F\u00fcr alles weitere nehmen Sie gerne Kontakt auf.","og_url":"https:\/\/www.neteler.eu\/de\/faq\/","og_site_name":"NETELER Apartments","article_modified_time":"2024-07-15T09:10:37+00:00","og_image":[{"width":2560,"height":1707,"url":"https:\/\/www.neteler.eu\/wp-content\/uploads\/2024\/05\/94A1229-1-scaled.jpg","type":"image\/jpeg"}],"twitter_card":"summary_large_image","twitter_misc":{"Gesch\u00e4tzte Lesezeit":"2\u00a0Minuten"},"schema":{"@context":"https:\/\/schema.org","@graph":[{"@type":"WebPage","@id":"https:\/\/www.neteler.eu\/de\/faq\/","url":"https:\/\/www.neteler.eu\/de\/faq\/","name":"FAQ - NETELER Apartments","isPartOf":{"@id":"https:\/\/www.neteler.eu\/de\/#website"},"primaryImageOfPage":{"@id":"https:\/\/www.neteler.eu\/de\/faq\/#primaryimage"},"image":{"@id":"https:\/\/www.neteler.eu\/de\/faq\/#primaryimage"},"thumbnailUrl":"https:\/\/www.neteler.eu\/wp-content\/uploads\/2024\/05\/94A1229-1-scaled.jpg","datePublished":"2024-01-24T11:13:48+00:00","dateModified":"2024-07-15T09:10:37+00:00","description":"Haben Sie Fragen zu Ihrem Urlaub bei uns? Dann werfen Sie gerne einen Blick auf unsere FAQs. F\u00fcr alles weitere nehmen Sie gerne Kontakt auf.","breadcrumb":{"@id":"https:\/\/www.neteler.eu\/de\/faq\/#breadcrumb"},"inLanguage":"de","potentialAction":[{"@type":"ReadAction","target":["https:\/\/www.neteler.eu\/de\/faq\/"]}]},{"@type":"ImageObject","inLanguage":"de","@id":"https:\/\/www.neteler.eu\/de\/faq\/#primaryimage","url":"https:\/\/www.neteler.eu\/wp-content\/uploads\/2024\/05\/94A1229-1-scaled.jpg","contentUrl":"https:\/\/www.neteler.eu\/wp-content\/uploads\/2024\/05\/94A1229-1-scaled.jpg","width":2560,"height":1707},{"@type":"BreadcrumbList","@id":"https:\/\/www.neteler.eu\/de\/faq\/#breadcrumb","itemListElement":[{"@type":"ListItem","position":1,"name":"Startseite","item":"https:\/\/www.neteler.eu\/de\/"},{"@type":"ListItem","position":2,"name":"FAQ"}]},{"@type":"WebSite","@id":"https:\/\/www.neteler.eu\/de\/#website","url":"https:\/\/www.neteler.eu\/de\/","name":"NETELER Apartments","description":"","publisher":{"@id":"https:\/\/www.neteler.eu\/de\/#organization"},"potentialAction":[{"@type":"SearchAction","target":{"@type":"EntryPoint","urlTemplate":"https:\/\/www.neteler.eu\/de\/?s={search_term_string}"},"query-input":"required name=search_term_string"}],"inLanguage":"de"},{"@type":"Organization","@id":"https:\/\/www.neteler.eu\/de\/#organization","name":"NETELER Apartments","url":"https:\/\/www.neteler.eu\/de\/","logo":{"@type":"ImageObject","inLanguage":"de","@id":"https:\/\/www.neteler.eu\/de\/#\/schema\/logo\/image\/","url":"https:\/\/www.neteler.eu\/wp-content\/uploads\/2024\/01\/logo-2.png","contentUrl":"https:\/\/www.neteler.eu\/wp-content\/uploads\/2024\/01\/logo-2.png","width":800,"height":200,"caption":"NETELER Apartments"},"image":{"@id":"https:\/\/www.neteler.eu\/de\/#\/schema\/logo\/image\/"}}]}},"_links":{"self":[{"href":"https:\/\/www.neteler.eu\/de\/wp-json\/wp\/v2\/pages\/1154"}],"collection":[{"href":"https:\/\/www.neteler.eu\/de\/wp-json\/wp\/v2\/pages"}],"about":[{"href":"https:\/\/www.neteler.eu\/de\/wp-json\/wp\/v2\/types\/page"}],"author":[{"embeddable":true,"href":"https:\/\/www.neteler.eu\/de\/wp-json\/wp\/v2\/users\/1"}],"replies":[{"embeddable":true,"href":"https:\/\/www.neteler.eu\/de\/wp-json\/wp\/v2\/comments?post=1154"}],"version-history":[{"count":30,"href":"https:\/\/www.neteler.eu\/de\/wp-json\/wp\/v2\/pages\/1154\/revisions"}],"predecessor-version":[{"id":11431,"href":"https:\/\/www.neteler.eu\/de\/wp-json\/wp\/v2\/pages\/1154\/revisions\/11431"}],"wp:featuredmedia":[{"embeddable":true,"href":"https:\/\/www.neteler.eu\/de\/wp-json\/wp\/v2\/media\/10077"}],"wp:attachment":[{"href":"https:\/\/www.neteler.eu\/de\/wp-json\/wp\/v2\/media?parent=1154"}],"curies":[{"name":"wp","href":"https:\/\/api.w.org\/{rel}","templated":true}]}}