{"id":4195,"date":"2024-02-14T11:28:09","date_gmt":"2024-02-14T10:28:09","guid":{"rendered":"https:\/\/www.neteler.eu\/?page_id=4195"},"modified":"2024-07-11T10:32:38","modified_gmt":"2024-07-11T08:32:38","slug":"borkum","status":"publish","type":"page","link":"https:\/\/www.neteler.eu\/de\/reisetipps\/borkum\/","title":{"rendered":"Borkum"},"content":{"rendered":"\t\t<div data-elementor-type=\"wp-page\" data-elementor-id=\"4195\" class=\"elementor elementor-4195\" data-elementor-post-type=\"page\">\n\t\t\t\t<div class=\"elementor-element elementor-element-e3e6b97 e-con-full e-flex e-con e-parent\" data-id=\"e3e6b97\" data-element_type=\"container\">\n\t\t\t\t<div class=\"elementor-element elementor-element-f45211d elementor-widget elementor-widget-template\" data-id=\"f45211d\" data-element_type=\"widget\" data-widget_type=\"template.default\">\n\t\t\t\t<div class=\"elementor-widget-container\">\n\t\t\t\t\t<div class=\"elementor-template\">\n\t\t\t\t\t<div data-elementor-type=\"container\" data-elementor-id=\"8666\" class=\"elementor elementor-8666\" data-elementor-post-type=\"elementor_library\">\n\t\t\t\t<div class=\"elementor-element elementor-element-3799b24a e-flex e-con-boxed e-con e-parent\" data-id=\"3799b24a\" data-element_type=\"container\" data-settings=\"{&quot;background_background&quot;:&quot;classic&quot;}\">\n\t\t\t\t\t<div class=\"e-con-inner\">\n\t\t<div class=\"elementor-element elementor-element-30557511 e-flex e-con-boxed e-con e-child\" data-id=\"30557511\" data-element_type=\"container\">\n\t\t\t\t\t<div class=\"e-con-inner\">\n\t\t\t\t<div class=\"elementor-element elementor-element-6a591595 elementor-widget elementor-widget-heading\" data-id=\"6a591595\" data-element_type=\"widget\" data-widget_type=\"heading.default\">\n\t\t\t\t<div class=\"elementor-widget-container\">\n\t\t\t<style>\/*! elementor - v3.23.0 - 15-07-2024 *\/\n.elementor-heading-title{padding:0;margin:0;line-height:1}.elementor-widget-heading .elementor-heading-title[class*=elementor-size-]>a{color:inherit;font-size:inherit;line-height:inherit}.elementor-widget-heading .elementor-heading-title.elementor-size-small{font-size:15px}.elementor-widget-heading .elementor-heading-title.elementor-size-medium{font-size:19px}.elementor-widget-heading .elementor-heading-title.elementor-size-large{font-size:29px}.elementor-widget-heading .elementor-heading-title.elementor-size-xl{font-size:39px}.elementor-widget-heading .elementor-heading-title.elementor-size-xxl{font-size:59px}<\/style><h4 class=\"elementor-heading-title elementor-size-default\">Borkum<\/h4>\t\t<\/div>\n\t\t\t\t<\/div>\n\t\t\t\t\t<\/div>\n\t\t\t\t<\/div>\n\t\t\t\t\t<\/div>\n\t\t\t\t<\/div>\n\t\t\t\t<\/div>\n\t\t\t\t<\/div>\n\t\t\t\t<\/div>\n\t\t\t\t<\/div>\n\t\t\t\t<\/div>\n\t\t<div class=\"elementor-element elementor-element-bc5ebe6 e-flex e-con-boxed e-con e-parent\" data-id=\"bc5ebe6\" data-element_type=\"container\">\n\t\t\t\t\t<div class=\"e-con-inner\">\n\t\t\t\t<div class=\"elementor-element elementor-element-9925075 elementor-widget__width-inherit elementor-widget elementor-widget-heading\" data-id=\"9925075\" data-element_type=\"widget\" data-widget_type=\"heading.default\">\n\t\t\t\t<div class=\"elementor-widget-container\">\n\t\t\t<h2 class=\"elementor-heading-title elementor-size-default\"><b>BORKUM <\/b>, die <b>Nordseeinsel<\/b> mit<b> Hochseeklima<\/b><\/h2>\t\t<\/div>\n\t\t\t\t<\/div>\n\t\t\t\t<div class=\"elementor-element elementor-element-9779d0a elementor-widget elementor-widget-heading\" data-id=\"9779d0a\" data-element_type=\"widget\" data-widget_type=\"heading.default\">\n\t\t\t\t<div class=\"elementor-widget-container\">\n\t\t\t<p class=\"elementor-heading-title elementor-size-default\">Das Rauschen des Meeres, endlose wei\u00dfe Sandstr\u00e4nde und die heilende Kraft der Seeluft\nverw\u00f6hnen bei jedem Atemzug K\u00f6rper sowie Seele. Ein Aufenthalt auf Borkum bedeutet pure\nErholung f\u00fcr alle Sinne. Entspannen Sie vollkommen, atmen Sie die reine Luft ein und sch\u00f6pfen\nSie neue Kraft. Erleben Sie das besondere Hochseeklima Borkums, das inmitten des\nNationalparks Wattenmeer gelegen ist. Als gr\u00f6\u00dfte der Ostfriesischen Inseln bietet Borkum eine\nVielfalt, die sie zu einem Top-Urlaubsziel in Deutschland macht. Mehr als nur ein\nausgezeichnetes Klima erwartet Sie hier: Entdecken Sie Natur, Vitalit\u00e4t und kulturelle Vielfalt,\ndie zum Verweilen und Erkunden einladen. Freuen Sie sich auf inspirierende Erlebnisse f\u00fcr\nIhren n\u00e4chsten Urlaub \u2013 ich freue mich darauf, Sie bald auf unserer Insel willkommen zu\nhei\u00dfen.<\/p>\t\t<\/div>\n\t\t\t\t<\/div>\n\t\t<div class=\"elementor-element elementor-element-ff41eac e-flex e-con-boxed e-con e-child\" data-id=\"ff41eac\" data-element_type=\"container\">\n\t\t\t\t\t<div class=\"e-con-inner\">\n\t\t<a class=\"elementor-element elementor-element-46f2da4 e-con-full e-flex e-con e-child\" data-id=\"46f2da4\" data-element_type=\"container\" data-settings=\"{&quot;background_background&quot;:&quot;slideshow&quot;,&quot;background_slideshow_gallery&quot;:[{&quot;id&quot;:7175,&quot;url&quot;:&quot;https:\\\/\\\/www.neteler.eu\\\/wp-content\\\/uploads\\\/2024\\\/03\\\/desktop-wallpaper-high-resolution-restaurant-backgrounds-restaurant-food.jpg&quot;}],&quot;background_slideshow_loop&quot;:&quot;yes&quot;,&quot;background_slideshow_slide_duration&quot;:5000,&quot;background_slideshow_slide_transition&quot;:&quot;fade&quot;,&quot;background_slideshow_transition_duration&quot;:500}\" href=\"\/restaurants-auf-borkum\/\">\n\t\t\t\t<div class=\"elementor-element elementor-element-f4196f4 filter_title elementor-widget elementor-widget-heading\" data-id=\"f4196f4\" data-element_type=\"widget\" data-widget_type=\"heading.default\">\n\t\t\t\t<div class=\"elementor-widget-container\">\n\t\t\t<h5 class=\"elementor-heading-title elementor-size-default\">Restaurants<\/h5>\t\t<\/div>\n\t\t\t\t<\/div>\n\t\t\t\t<\/a>\n\t\t<a class=\"elementor-element elementor-element-17914d0 e-con-full e-flex e-con e-child\" data-id=\"17914d0\" data-element_type=\"container\" data-settings=\"{&quot;background_background&quot;:&quot;slideshow&quot;,&quot;background_slideshow_gallery&quot;:[{&quot;id&quot;:11218,&quot;url&quot;:&quot;https:\\\/\\\/www.neteler.eu\\\/wp-content\\\/uploads\\\/2024\\\/07\\\/Nordsee-Aquarium-Borkum-scaled.jpg&quot;}],&quot;background_slideshow_loop&quot;:&quot;yes&quot;,&quot;background_slideshow_slide_duration&quot;:5000,&quot;background_slideshow_slide_transition&quot;:&quot;fade&quot;,&quot;background_slideshow_transition_duration&quot;:500}\" href=\"\/freizeit-auf-borkum\/\">\n\t\t\t\t<div class=\"elementor-element elementor-element-ffa522c filter_title elementor-widget elementor-widget-heading\" data-id=\"ffa522c\" data-element_type=\"widget\" data-widget_type=\"heading.default\">\n\t\t\t\t<div class=\"elementor-widget-container\">\n\t\t\t<h5 class=\"elementor-heading-title elementor-size-default\">Aktivit\u00e4ten<\/h5>\t\t<\/div>\n\t\t\t\t<\/div>\n\t\t\t\t<\/a>\n\t\t<a class=\"elementor-element elementor-element-9da2c75 e-con-full e-flex e-con e-child\" data-id=\"9da2c75\" data-element_type=\"container\" data-settings=\"{&quot;background_background&quot;:&quot;slideshow&quot;,&quot;background_slideshow_gallery&quot;:[{&quot;id&quot;:7185,&quot;url&quot;:&quot;https:\\\/\\\/www.neteler.eu\\\/wp-content\\\/uploads\\\/2024\\\/03\\\/360_F_181496864_mn0sPqQiHKd8eMKbBNluW6ilhvnSrvUU.jpg&quot;}],&quot;background_slideshow_loop&quot;:&quot;yes&quot;,&quot;background_slideshow_slide_duration&quot;:5000,&quot;background_slideshow_slide_transition&quot;:&quot;fade&quot;,&quot;background_slideshow_transition_duration&quot;:500}\" href=\"\/strandkorb-auf-borkum\/\">\n\t\t\t\t<div class=\"elementor-element elementor-element-a67951b filter_title elementor-widget elementor-widget-heading\" data-id=\"a67951b\" data-element_type=\"widget\" data-widget_type=\"heading.default\">\n\t\t\t\t<div class=\"elementor-widget-container\">\n\t\t\t<h5 class=\"elementor-heading-title elementor-size-default\">Strandkorb<\/h5>\t\t<\/div>\n\t\t\t\t<\/div>\n\t\t\t\t<\/a>\n\t\t\t\t\t<\/div>\n\t\t\t\t<\/div>\n\t\t\t\t\t<\/div>\n\t\t\t\t<\/div>\n\t\t\t\t<\/div>\n\t\t","protected":false},"excerpt":{"rendered":"<p>BORKUM , die Nordseeinsel mit Hochseeklima Das Rauschen des Meeres, endlose wei\u00dfe Sandstr\u00e4nde und die heilende Kraft der Seeluft verw\u00f6hnen bei jedem Atemzug K\u00f6rper sowie Seele. Ein Aufenthalt auf Borkum bedeutet pure Erholung f\u00fcr alle Sinne. Entspannen Sie vollkommen, atmen Sie die reine Luft ein und sch\u00f6pfen Sie neue Kraft. Erleben Sie das besondere Hochseeklima [&hellip;]<\/p>\n","protected":false},"author":1,"featured_media":10057,"parent":4227,"menu_order":0,"comment_status":"closed","ping_status":"closed","template":"","meta":{"_acf_changed":false,"footnotes":""},"class_list":["post-4195","page","type-page","status-publish","has-post-thumbnail","hentry"],"acf":[],"yoast_head":"<!-- This site is optimized with the Yoast SEO plugin v23.1 - https:\/\/yoast.com\/wordpress\/plugins\/seo\/ -->\n<title>Borkum - NETELER Apartments<\/title>\n<meta name=\"description\" content=\"Die Insel Borkum h\u00e4lt Sehensw\u00fcrdigkeiten, malerische Landschaften, kulinarische Highlight und vieles mehr f\u00fcr Sie bereit.\" \/>\n<meta name=\"robots\" content=\"index, follow, max-snippet:-1, max-image-preview:large, max-video-preview:-1\" \/>\n<link rel=\"canonical\" href=\"https:\/\/www.neteler.eu\/de\/reisetipps\/borkum\/\" \/>\n<meta property=\"og:locale\" content=\"de_DE\" \/>\n<meta property=\"og:type\" content=\"article\" \/>\n<meta property=\"og:title\" content=\"Borkum - NETELER Apartments\" \/>\n<meta property=\"og:description\" content=\"Die Insel Borkum h\u00e4lt Sehensw\u00fcrdigkeiten, malerische Landschaften, kulinarische Highlight und vieles mehr f\u00fcr Sie bereit.\" \/>\n<meta property=\"og:url\" content=\"https:\/\/www.neteler.eu\/de\/reisetipps\/borkum\/\" \/>\n<meta property=\"og:site_name\" content=\"NETELER Apartments\" \/>\n<meta property=\"article:modified_time\" content=\"2024-07-11T08:32:38+00:00\" \/>\n<meta property=\"og:image\" content=\"https:\/\/www.neteler.eu\/wp-content\/uploads\/2024\/05\/Borkum_Nordstrand.jpg\" \/>\n\t<meta property=\"og:image:width\" content=\"2048\" \/>\n\t<meta property=\"og:image:height\" content=\"1365\" \/>\n\t<meta property=\"og:image:type\" content=\"image\/jpeg\" \/>\n<meta name=\"twitter:card\" content=\"summary_large_image\" \/>\n<meta name=\"twitter:label1\" content=\"Gesch\u00e4tzte Lesezeit\" \/>\n\t<meta name=\"twitter:data1\" content=\"1\u00a0Minute\" \/>\n<script type=\"application\/ld+json\" class=\"yoast-schema-graph\">{\"@context\":\"https:\/\/schema.org\",\"@graph\":[{\"@type\":\"WebPage\",\"@id\":\"https:\/\/www.neteler.eu\/de\/reisetipps\/borkum\/\",\"url\":\"https:\/\/www.neteler.eu\/de\/reisetipps\/borkum\/\",\"name\":\"Borkum - NETELER Apartments\",\"isPartOf\":{\"@id\":\"https:\/\/www.neteler.eu\/de\/#website\"},\"primaryImageOfPage\":{\"@id\":\"https:\/\/www.neteler.eu\/de\/reisetipps\/borkum\/#primaryimage\"},\"image\":{\"@id\":\"https:\/\/www.neteler.eu\/de\/reisetipps\/borkum\/#primaryimage\"},\"thumbnailUrl\":\"https:\/\/www.neteler.eu\/wp-content\/uploads\/2024\/05\/Borkum_Nordstrand.jpg\",\"datePublished\":\"2024-02-14T10:28:09+00:00\",\"dateModified\":\"2024-07-11T08:32:38+00:00\",\"description\":\"Die Insel Borkum h\u00e4lt Sehensw\u00fcrdigkeiten, malerische Landschaften, kulinarische Highlight und vieles mehr f\u00fcr Sie bereit.\",\"breadcrumb\":{\"@id\":\"https:\/\/www.neteler.eu\/de\/reisetipps\/borkum\/#breadcrumb\"},\"inLanguage\":\"de\",\"potentialAction\":[{\"@type\":\"ReadAction\",\"target\":[\"https:\/\/www.neteler.eu\/de\/reisetipps\/borkum\/\"]}]},{\"@type\":\"ImageObject\",\"inLanguage\":\"de\",\"@id\":\"https:\/\/www.neteler.eu\/de\/reisetipps\/borkum\/#primaryimage\",\"url\":\"https:\/\/www.neteler.eu\/wp-content\/uploads\/2024\/05\/Borkum_Nordstrand.jpg\",\"contentUrl\":\"https:\/\/www.neteler.eu\/wp-content\/uploads\/2024\/05\/Borkum_Nordstrand.jpg\",\"width\":2048,\"height\":1365},{\"@type\":\"BreadcrumbList\",\"@id\":\"https:\/\/www.neteler.eu\/de\/reisetipps\/borkum\/#breadcrumb\",\"itemListElement\":[{\"@type\":\"ListItem\",\"position\":1,\"name\":\"Startseite\",\"item\":\"https:\/\/www.neteler.eu\/de\/\"},{\"@type\":\"ListItem\",\"position\":2,\"name\":\"Reisetipps\",\"item\":\"https:\/\/www.neteler.eu\/de\/reisetipps\/\"},{\"@type\":\"ListItem\",\"position\":3,\"name\":\"Borkum\"}]},{\"@type\":\"WebSite\",\"@id\":\"https:\/\/www.neteler.eu\/de\/#website\",\"url\":\"https:\/\/www.neteler.eu\/de\/\",\"name\":\"NETELER Apartments\",\"description\":\"\",\"publisher\":{\"@id\":\"https:\/\/www.neteler.eu\/de\/#organization\"},\"potentialAction\":[{\"@type\":\"SearchAction\",\"target\":{\"@type\":\"EntryPoint\",\"urlTemplate\":\"https:\/\/www.neteler.eu\/de\/?s={search_term_string}\"},\"query-input\":\"required name=search_term_string\"}],\"inLanguage\":\"de\"},{\"@type\":\"Organization\",\"@id\":\"https:\/\/www.neteler.eu\/de\/#organization\",\"name\":\"NETELER Apartments\",\"url\":\"https:\/\/www.neteler.eu\/de\/\",\"logo\":{\"@type\":\"ImageObject\",\"inLanguage\":\"de\",\"@id\":\"https:\/\/www.neteler.eu\/de\/#\/schema\/logo\/image\/\",\"url\":\"https:\/\/www.neteler.eu\/wp-content\/uploads\/2024\/01\/logo-2.png\",\"contentUrl\":\"https:\/\/www.neteler.eu\/wp-content\/uploads\/2024\/01\/logo-2.png\",\"width\":800,\"height\":200,\"caption\":\"NETELER Apartments\"},\"image\":{\"@id\":\"https:\/\/www.neteler.eu\/de\/#\/schema\/logo\/image\/\"}}]}<\/script>\n<!-- \/ Yoast SEO plugin. -->","yoast_head_json":{"title":"Borkum - NETELER Apartments","description":"Die Insel Borkum h\u00e4lt Sehensw\u00fcrdigkeiten, malerische Landschaften, kulinarische Highlight und vieles mehr f\u00fcr Sie bereit.","robots":{"index":"index","follow":"follow","max-snippet":"max-snippet:-1","max-image-preview":"max-image-preview:large","max-video-preview":"max-video-preview:-1"},"canonical":"https:\/\/www.neteler.eu\/de\/reisetipps\/borkum\/","og_locale":"de_DE","og_type":"article","og_title":"Borkum - NETELER Apartments","og_description":"Die Insel Borkum h\u00e4lt Sehensw\u00fcrdigkeiten, malerische Landschaften, kulinarische Highlight und vieles mehr f\u00fcr Sie bereit.","og_url":"https:\/\/www.neteler.eu\/de\/reisetipps\/borkum\/","og_site_name":"NETELER Apartments","article_modified_time":"2024-07-11T08:32:38+00:00","og_image":[{"width":2048,"height":1365,"url":"https:\/\/www.neteler.eu\/wp-content\/uploads\/2024\/05\/Borkum_Nordstrand.jpg","type":"image\/jpeg"}],"twitter_card":"summary_large_image","twitter_misc":{"Gesch\u00e4tzte Lesezeit":"1\u00a0Minute"},"schema":{"@context":"https:\/\/schema.org","@graph":[{"@type":"WebPage","@id":"https:\/\/www.neteler.eu\/de\/reisetipps\/borkum\/","url":"https:\/\/www.neteler.eu\/de\/reisetipps\/borkum\/","name":"Borkum - NETELER Apartments","isPartOf":{"@id":"https:\/\/www.neteler.eu\/de\/#website"},"primaryImageOfPage":{"@id":"https:\/\/www.neteler.eu\/de\/reisetipps\/borkum\/#primaryimage"},"image":{"@id":"https:\/\/www.neteler.eu\/de\/reisetipps\/borkum\/#primaryimage"},"thumbnailUrl":"https:\/\/www.neteler.eu\/wp-content\/uploads\/2024\/05\/Borkum_Nordstrand.jpg","datePublished":"2024-02-14T10:28:09+00:00","dateModified":"2024-07-11T08:32:38+00:00","description":"Die Insel Borkum h\u00e4lt Sehensw\u00fcrdigkeiten, malerische Landschaften, kulinarische Highlight und vieles mehr f\u00fcr Sie bereit.","breadcrumb":{"@id":"https:\/\/www.neteler.eu\/de\/reisetipps\/borkum\/#breadcrumb"},"inLanguage":"de","potentialAction":[{"@type":"ReadAction","target":["https:\/\/www.neteler.eu\/de\/reisetipps\/borkum\/"]}]},{"@type":"ImageObject","inLanguage":"de","@id":"https:\/\/www.neteler.eu\/de\/reisetipps\/borkum\/#primaryimage","url":"https:\/\/www.neteler.eu\/wp-content\/uploads\/2024\/05\/Borkum_Nordstrand.jpg","contentUrl":"https:\/\/www.neteler.eu\/wp-content\/uploads\/2024\/05\/Borkum_Nordstrand.jpg","width":2048,"height":1365},{"@type":"BreadcrumbList","@id":"https:\/\/www.neteler.eu\/de\/reisetipps\/borkum\/#breadcrumb","itemListElement":[{"@type":"ListItem","position":1,"name":"Startseite","item":"https:\/\/www.neteler.eu\/de\/"},{"@type":"ListItem","position":2,"name":"Reisetipps","item":"https:\/\/www.neteler.eu\/de\/reisetipps\/"},{"@type":"ListItem","position":3,"name":"Borkum"}]},{"@type":"WebSite","@id":"https:\/\/www.neteler.eu\/de\/#website","url":"https:\/\/www.neteler.eu\/de\/","name":"NETELER Apartments","description":"","publisher":{"@id":"https:\/\/www.neteler.eu\/de\/#organization"},"potentialAction":[{"@type":"SearchAction","target":{"@type":"EntryPoint","urlTemplate":"https:\/\/www.neteler.eu\/de\/?s={search_term_string}"},"query-input":"required name=search_term_string"}],"inLanguage":"de"},{"@type":"Organization","@id":"https:\/\/www.neteler.eu\/de\/#organization","name":"NETELER Apartments","url":"https:\/\/www.neteler.eu\/de\/","logo":{"@type":"ImageObject","inLanguage":"de","@id":"https:\/\/www.neteler.eu\/de\/#\/schema\/logo\/image\/","url":"https:\/\/www.neteler.eu\/wp-content\/uploads\/2024\/01\/logo-2.png","contentUrl":"https:\/\/www.neteler.eu\/wp-content\/uploads\/2024\/01\/logo-2.png","width":800,"height":200,"caption":"NETELER Apartments"},"image":{"@id":"https:\/\/www.neteler.eu\/de\/#\/schema\/logo\/image\/"}}]}},"_links":{"self":[{"href":"https:\/\/www.neteler.eu\/de\/wp-json\/wp\/v2\/pages\/4195"}],"collection":[{"href":"https:\/\/www.neteler.eu\/de\/wp-json\/wp\/v2\/pages"}],"about":[{"href":"https:\/\/www.neteler.eu\/de\/wp-json\/wp\/v2\/types\/page"}],"author":[{"embeddable":true,"href":"https:\/\/www.neteler.eu\/de\/wp-json\/wp\/v2\/users\/1"}],"replies":[{"embeddable":true,"href":"https:\/\/www.neteler.eu\/de\/wp-json\/wp\/v2\/comments?post=4195"}],"version-history":[{"count":30,"href":"https:\/\/www.neteler.eu\/de\/wp-json\/wp\/v2\/pages\/4195\/revisions"}],"predecessor-version":[{"id":11336,"href":"https:\/\/www.neteler.eu\/de\/wp-json\/wp\/v2\/pages\/4195\/revisions\/11336"}],"up":[{"embeddable":true,"href":"https:\/\/www.neteler.eu\/de\/wp-json\/wp\/v2\/pages\/4227"}],"wp:featuredmedia":[{"embeddable":true,"href":"https:\/\/www.neteler.eu\/de\/wp-json\/wp\/v2\/media\/10057"}],"wp:attachment":[{"href":"https:\/\/www.neteler.eu\/de\/wp-json\/wp\/v2\/media?parent=4195"}],"curies":[{"name":"wp","href":"https:\/\/api.w.org\/{rel}","templated":true}]}}