{"id":4197,"date":"2024-02-14T11:28:28","date_gmt":"2024-02-14T10:28:28","guid":{"rendered":"https:\/\/www.neteler.eu\/?page_id=4197"},"modified":"2024-07-15T09:18:27","modified_gmt":"2024-07-15T07:18:27","slug":"usedom","status":"publish","type":"page","link":"https:\/\/www.neteler.eu\/de\/reisetipps\/usedom\/","title":{"rendered":"Usedom"},"content":{"rendered":"\t\t<div data-elementor-type=\"wp-page\" data-elementor-id=\"4197\" class=\"elementor elementor-4197\" data-elementor-post-type=\"page\">\n\t\t\t\t<div class=\"elementor-element elementor-element-c6bd908 e-con-full e-flex e-con e-parent\" data-id=\"c6bd908\" data-element_type=\"container\">\n\t\t\t\t<div class=\"elementor-element elementor-element-9a6ed9c elementor-widget elementor-widget-template\" data-id=\"9a6ed9c\" data-element_type=\"widget\" data-widget_type=\"template.default\">\n\t\t\t\t<div class=\"elementor-widget-container\">\n\t\t\t\t\t<div class=\"elementor-template\">\n\t\t\t\t\t<div data-elementor-type=\"container\" data-elementor-id=\"8666\" class=\"elementor elementor-8666\" data-elementor-post-type=\"elementor_library\">\n\t\t\t\t<div class=\"elementor-element elementor-element-3799b24a e-flex e-con-boxed e-con e-parent\" data-id=\"3799b24a\" data-element_type=\"container\" data-settings=\"{&quot;background_background&quot;:&quot;classic&quot;}\">\n\t\t\t\t\t<div class=\"e-con-inner\">\n\t\t<div class=\"elementor-element elementor-element-30557511 e-flex e-con-boxed e-con e-child\" data-id=\"30557511\" data-element_type=\"container\">\n\t\t\t\t\t<div class=\"e-con-inner\">\n\t\t\t\t<div class=\"elementor-element elementor-element-6a591595 elementor-widget elementor-widget-heading\" data-id=\"6a591595\" data-element_type=\"widget\" data-widget_type=\"heading.default\">\n\t\t\t\t<div class=\"elementor-widget-container\">\n\t\t\t<style>\/*! elementor - v3.23.0 - 15-07-2024 *\/\n.elementor-heading-title{padding:0;margin:0;line-height:1}.elementor-widget-heading .elementor-heading-title[class*=elementor-size-]>a{color:inherit;font-size:inherit;line-height:inherit}.elementor-widget-heading .elementor-heading-title.elementor-size-small{font-size:15px}.elementor-widget-heading .elementor-heading-title.elementor-size-medium{font-size:19px}.elementor-widget-heading .elementor-heading-title.elementor-size-large{font-size:29px}.elementor-widget-heading .elementor-heading-title.elementor-size-xl{font-size:39px}.elementor-widget-heading .elementor-heading-title.elementor-size-xxl{font-size:59px}<\/style><h4 class=\"elementor-heading-title elementor-size-default\">Usedom<\/h4>\t\t<\/div>\n\t\t\t\t<\/div>\n\t\t\t\t\t<\/div>\n\t\t\t\t<\/div>\n\t\t\t\t\t<\/div>\n\t\t\t\t<\/div>\n\t\t\t\t<\/div>\n\t\t\t\t<\/div>\n\t\t\t\t<\/div>\n\t\t\t\t<\/div>\n\t\t\t\t<\/div>\n\t\t<div class=\"elementor-element elementor-element-24064fe e-flex e-con-boxed e-con e-parent\" data-id=\"24064fe\" data-element_type=\"container\">\n\t\t\t\t\t<div class=\"e-con-inner\">\n\t\t\t\t<div class=\"elementor-element elementor-element-bb63fe1 elementor-widget__width-inherit elementor-widget elementor-widget-heading\" data-id=\"bb63fe1\" data-element_type=\"widget\" data-widget_type=\"heading.default\">\n\t\t\t\t<div class=\"elementor-widget-container\">\n\t\t\t<h2 class=\"elementor-heading-title elementor-size-default\"><b>Usedom:<\/b> Zwischen Ostseewellen und unber\u00fchrter Natur<\/h2>\t\t<\/div>\n\t\t\t\t<\/div>\n\t\t\t\t<div class=\"elementor-element elementor-element-cc37278 elementor-widget elementor-widget-heading\" data-id=\"cc37278\" data-element_type=\"widget\" data-widget_type=\"heading.default\">\n\t\t\t\t<div class=\"elementor-widget-container\">\n\t\t\t<p class=\"elementor-heading-title elementor-size-default\">Entdecken Sie die Insel Usedom \u2013 ein Paradies an der Ostsee, das mit seinen endlosen\nSandstr\u00e4nden, malerischen Seeb\u00e4dern und der einzigartigen B\u00e4derarchitektur begeistert.\nUnsere Ferienwohnungen bieten Ihnen den perfekten Ausgangspunkt, um diese Sonneninsel in\nall ihrer Pracht zu erkunden. Usedom, bekannt als die sonnenreichste Region Deutschlands,\nl\u00e4dt zu jeder Jahreszeit zu unvergesslichen Urlaubserlebnissen ein.<br><br>\n<\/p>\t\t<\/div>\n\t\t\t\t<\/div>\n\t\t\t\t<div class=\"elementor-element elementor-element-ba7dd80 elementor-widget elementor-widget-heading\" data-id=\"ba7dd80\" data-element_type=\"widget\" data-widget_type=\"heading.default\">\n\t\t\t\t<div class=\"elementor-widget-container\">\n\t\t\t<p class=\"elementor-heading-title elementor-size-default\">Ob Sie entspannte Tage am Strand verbringen, durch idyllische Landschaften radeln oder die\nhistorischen Seeb\u00e4der mit ihren prachtvollen Villen entdecken m\u00f6chten \u2013 Usedom h\u00e4lt f\u00fcr\njeden Geschmack etwas bereit. Die Insel teilt sich in zwei Gesichter: den lebhaften,\ntouristischen Teil mit bekannten B\u00e4dern wie Heringsdorf, Ahlbeck und Bansin, wo die\nPromenaden und Seebr\u00fccken zum Flanieren einladen, und den ruhigeren, naturbelassenen Teil,\nder mit seinem Nationalpark und unber\u00fchrten Landschaften zum Entdecken und Erholen\neinl\u00e4dt.<\/p>\t\t<\/div>\n\t\t\t\t<\/div>\n\t\t<div class=\"elementor-element elementor-element-9904527 e-flex e-con-boxed e-con e-child\" data-id=\"9904527\" data-element_type=\"container\">\n\t\t\t\t\t<div class=\"e-con-inner\">\n\t\t<a class=\"elementor-element elementor-element-fc252e0 e-con-full e-flex e-con e-child\" data-id=\"fc252e0\" data-element_type=\"container\" data-settings=\"{&quot;background_background&quot;:&quot;slideshow&quot;,&quot;background_slideshow_gallery&quot;:[{&quot;id&quot;:7175,&quot;url&quot;:&quot;https:\\\/\\\/www.neteler.eu\\\/wp-content\\\/uploads\\\/2024\\\/03\\\/desktop-wallpaper-high-resolution-restaurant-backgrounds-restaurant-food.jpg&quot;}],&quot;background_slideshow_loop&quot;:&quot;yes&quot;,&quot;background_slideshow_slide_duration&quot;:5000,&quot;background_slideshow_slide_transition&quot;:&quot;fade&quot;,&quot;background_slideshow_transition_duration&quot;:500}\" href=\"\/restaurants-auf-usedom\/\">\n\t\t\t\t<div class=\"elementor-element elementor-element-300f3aa filter_title elementor-widget elementor-widget-heading\" data-id=\"300f3aa\" data-element_type=\"widget\" data-widget_type=\"heading.default\">\n\t\t\t\t<div class=\"elementor-widget-container\">\n\t\t\t<h5 class=\"elementor-heading-title elementor-size-default\">Restaurants<\/h5>\t\t<\/div>\n\t\t\t\t<\/div>\n\t\t\t\t<\/a>\n\t\t<a class=\"elementor-element elementor-element-70d2237 e-con-full e-flex e-con e-child\" data-id=\"70d2237\" data-element_type=\"container\" data-settings=\"{&quot;background_background&quot;:&quot;slideshow&quot;,&quot;background_slideshow_gallery&quot;:[{&quot;id&quot;:2507,&quot;url&quot;:&quot;https:\\\/\\\/www.neteler.eu\\\/wp-content\\\/uploads\\\/2024\\\/02\\\/istockphoto-578094658-612x612-1.jpg&quot;}],&quot;background_slideshow_loop&quot;:&quot;yes&quot;,&quot;background_slideshow_slide_duration&quot;:5000,&quot;background_slideshow_slide_transition&quot;:&quot;fade&quot;,&quot;background_slideshow_transition_duration&quot;:500}\" href=\"\/freizeit-auf-usedom\/\">\n\t\t\t\t<div class=\"elementor-element elementor-element-5bac703 filter_title elementor-widget elementor-widget-heading\" data-id=\"5bac703\" data-element_type=\"widget\" data-widget_type=\"heading.default\">\n\t\t\t\t<div class=\"elementor-widget-container\">\n\t\t\t<h5 class=\"elementor-heading-title elementor-size-default\">Aktivit\u00e4ten<\/h5>\t\t<\/div>\n\t\t\t\t<\/div>\n\t\t\t\t<\/a>\n\t\t<a class=\"elementor-element elementor-element-a80e690 e-con-full e-flex e-con e-child\" data-id=\"a80e690\" data-element_type=\"container\" data-settings=\"{&quot;background_background&quot;:&quot;slideshow&quot;,&quot;background_slideshow_gallery&quot;:[{&quot;id&quot;:7185,&quot;url&quot;:&quot;https:\\\/\\\/www.neteler.eu\\\/wp-content\\\/uploads\\\/2024\\\/03\\\/360_F_181496864_mn0sPqQiHKd8eMKbBNluW6ilhvnSrvUU.jpg&quot;}],&quot;background_slideshow_loop&quot;:&quot;yes&quot;,&quot;background_slideshow_slide_duration&quot;:5000,&quot;background_slideshow_slide_transition&quot;:&quot;fade&quot;,&quot;background_slideshow_transition_duration&quot;:500}\" href=\"\/strandkorb-auf-usedom\">\n\t\t\t\t<div class=\"elementor-element elementor-element-5b9cf95 filter_title elementor-widget elementor-widget-heading\" data-id=\"5b9cf95\" data-element_type=\"widget\" data-widget_type=\"heading.default\">\n\t\t\t\t<div class=\"elementor-widget-container\">\n\t\t\t<h5 class=\"elementor-heading-title elementor-size-default\">Strandkorb<\/h5>\t\t<\/div>\n\t\t\t\t<\/div>\n\t\t\t\t<\/a>\n\t\t\t\t\t<\/div>\n\t\t\t\t<\/div>\n\t\t\t\t\t<\/div>\n\t\t\t\t<\/div>\n\t\t\t\t<\/div>\n\t\t","protected":false},"excerpt":{"rendered":"<p>Usedom: Zwischen Ostseewellen und unber\u00fchrter Natur Entdecken Sie die Insel Usedom \u2013 ein Paradies an der Ostsee, das mit seinen endlosen Sandstr\u00e4nden, malerischen Seeb\u00e4dern und der einzigartigen B\u00e4derarchitektur begeistert. Unsere Ferienwohnungen bieten Ihnen den perfekten Ausgangspunkt, um diese Sonneninsel in all ihrer Pracht zu erkunden. Usedom, bekannt als die sonnenreichste Region Deutschlands, l\u00e4dt zu jeder [&hellip;]<\/p>\n","protected":false},"author":1,"featured_media":0,"parent":4227,"menu_order":0,"comment_status":"closed","ping_status":"closed","template":"","meta":{"_acf_changed":false,"footnotes":""},"class_list":["post-4197","page","type-page","status-publish","hentry"],"acf":[],"yoast_head":"<!-- This site is optimized with the Yoast SEO plugin v23.1 - https:\/\/yoast.com\/wordpress\/plugins\/seo\/ -->\n<title>Usedom - NETELER Apartments<\/title>\n<meta name=\"description\" content=\"Usedom ist eine Urlaubsinsel f\u00fcr gro\u00df und klein. Es ist der ideal Ort f\u00fcr einen Urlaub mit der Familie oder zu Zweit.\" \/>\n<meta name=\"robots\" content=\"index, follow, max-snippet:-1, max-image-preview:large, max-video-preview:-1\" \/>\n<link rel=\"canonical\" href=\"https:\/\/www.neteler.eu\/de\/reisetipps\/usedom\/\" \/>\n<meta property=\"og:locale\" content=\"de_DE\" \/>\n<meta property=\"og:type\" content=\"article\" \/>\n<meta property=\"og:title\" content=\"Usedom - NETELER Apartments\" \/>\n<meta property=\"og:description\" content=\"Usedom ist eine Urlaubsinsel f\u00fcr gro\u00df und klein. Es ist der ideal Ort f\u00fcr einen Urlaub mit der Familie oder zu Zweit.\" \/>\n<meta property=\"og:url\" content=\"https:\/\/www.neteler.eu\/de\/reisetipps\/usedom\/\" \/>\n<meta property=\"og:site_name\" content=\"NETELER Apartments\" \/>\n<meta property=\"article:modified_time\" content=\"2024-07-15T07:18:27+00:00\" \/>\n<meta name=\"twitter:card\" content=\"summary_large_image\" \/>\n<meta name=\"twitter:label1\" content=\"Gesch\u00e4tzte Lesezeit\" \/>\n\t<meta name=\"twitter:data1\" content=\"1\u00a0Minute\" \/>\n<script type=\"application\/ld+json\" class=\"yoast-schema-graph\">{\"@context\":\"https:\/\/schema.org\",\"@graph\":[{\"@type\":\"WebPage\",\"@id\":\"https:\/\/www.neteler.eu\/de\/reisetipps\/usedom\/\",\"url\":\"https:\/\/www.neteler.eu\/de\/reisetipps\/usedom\/\",\"name\":\"Usedom - NETELER Apartments\",\"isPartOf\":{\"@id\":\"https:\/\/www.neteler.eu\/de\/#website\"},\"datePublished\":\"2024-02-14T10:28:28+00:00\",\"dateModified\":\"2024-07-15T07:18:27+00:00\",\"description\":\"Usedom ist eine Urlaubsinsel f\u00fcr gro\u00df und klein. Es ist der ideal Ort f\u00fcr einen Urlaub mit der Familie oder zu Zweit.\",\"breadcrumb\":{\"@id\":\"https:\/\/www.neteler.eu\/de\/reisetipps\/usedom\/#breadcrumb\"},\"inLanguage\":\"de\",\"potentialAction\":[{\"@type\":\"ReadAction\",\"target\":[\"https:\/\/www.neteler.eu\/de\/reisetipps\/usedom\/\"]}]},{\"@type\":\"BreadcrumbList\",\"@id\":\"https:\/\/www.neteler.eu\/de\/reisetipps\/usedom\/#breadcrumb\",\"itemListElement\":[{\"@type\":\"ListItem\",\"position\":1,\"name\":\"Startseite\",\"item\":\"https:\/\/www.neteler.eu\/de\/\"},{\"@type\":\"ListItem\",\"position\":2,\"name\":\"Reisetipps\",\"item\":\"https:\/\/www.neteler.eu\/de\/reisetipps\/\"},{\"@type\":\"ListItem\",\"position\":3,\"name\":\"Usedom\"}]},{\"@type\":\"WebSite\",\"@id\":\"https:\/\/www.neteler.eu\/de\/#website\",\"url\":\"https:\/\/www.neteler.eu\/de\/\",\"name\":\"NETELER Apartments\",\"description\":\"\",\"publisher\":{\"@id\":\"https:\/\/www.neteler.eu\/de\/#organization\"},\"potentialAction\":[{\"@type\":\"SearchAction\",\"target\":{\"@type\":\"EntryPoint\",\"urlTemplate\":\"https:\/\/www.neteler.eu\/de\/?s={search_term_string}\"},\"query-input\":\"required name=search_term_string\"}],\"inLanguage\":\"de\"},{\"@type\":\"Organization\",\"@id\":\"https:\/\/www.neteler.eu\/de\/#organization\",\"name\":\"NETELER Apartments\",\"url\":\"https:\/\/www.neteler.eu\/de\/\",\"logo\":{\"@type\":\"ImageObject\",\"inLanguage\":\"de\",\"@id\":\"https:\/\/www.neteler.eu\/de\/#\/schema\/logo\/image\/\",\"url\":\"https:\/\/www.neteler.eu\/wp-content\/uploads\/2024\/01\/logo-2.png\",\"contentUrl\":\"https:\/\/www.neteler.eu\/wp-content\/uploads\/2024\/01\/logo-2.png\",\"width\":800,\"height\":200,\"caption\":\"NETELER Apartments\"},\"image\":{\"@id\":\"https:\/\/www.neteler.eu\/de\/#\/schema\/logo\/image\/\"}}]}<\/script>\n<!-- \/ Yoast SEO plugin. -->","yoast_head_json":{"title":"Usedom - NETELER Apartments","description":"Usedom ist eine Urlaubsinsel f\u00fcr gro\u00df und klein. Es ist der ideal Ort f\u00fcr einen Urlaub mit der Familie oder zu Zweit.","robots":{"index":"index","follow":"follow","max-snippet":"max-snippet:-1","max-image-preview":"max-image-preview:large","max-video-preview":"max-video-preview:-1"},"canonical":"https:\/\/www.neteler.eu\/de\/reisetipps\/usedom\/","og_locale":"de_DE","og_type":"article","og_title":"Usedom - NETELER Apartments","og_description":"Usedom ist eine Urlaubsinsel f\u00fcr gro\u00df und klein. Es ist der ideal Ort f\u00fcr einen Urlaub mit der Familie oder zu Zweit.","og_url":"https:\/\/www.neteler.eu\/de\/reisetipps\/usedom\/","og_site_name":"NETELER Apartments","article_modified_time":"2024-07-15T07:18:27+00:00","twitter_card":"summary_large_image","twitter_misc":{"Gesch\u00e4tzte Lesezeit":"1\u00a0Minute"},"schema":{"@context":"https:\/\/schema.org","@graph":[{"@type":"WebPage","@id":"https:\/\/www.neteler.eu\/de\/reisetipps\/usedom\/","url":"https:\/\/www.neteler.eu\/de\/reisetipps\/usedom\/","name":"Usedom - NETELER Apartments","isPartOf":{"@id":"https:\/\/www.neteler.eu\/de\/#website"},"datePublished":"2024-02-14T10:28:28+00:00","dateModified":"2024-07-15T07:18:27+00:00","description":"Usedom ist eine Urlaubsinsel f\u00fcr gro\u00df und klein. Es ist der ideal Ort f\u00fcr einen Urlaub mit der Familie oder zu Zweit.","breadcrumb":{"@id":"https:\/\/www.neteler.eu\/de\/reisetipps\/usedom\/#breadcrumb"},"inLanguage":"de","potentialAction":[{"@type":"ReadAction","target":["https:\/\/www.neteler.eu\/de\/reisetipps\/usedom\/"]}]},{"@type":"BreadcrumbList","@id":"https:\/\/www.neteler.eu\/de\/reisetipps\/usedom\/#breadcrumb","itemListElement":[{"@type":"ListItem","position":1,"name":"Startseite","item":"https:\/\/www.neteler.eu\/de\/"},{"@type":"ListItem","position":2,"name":"Reisetipps","item":"https:\/\/www.neteler.eu\/de\/reisetipps\/"},{"@type":"ListItem","position":3,"name":"Usedom"}]},{"@type":"WebSite","@id":"https:\/\/www.neteler.eu\/de\/#website","url":"https:\/\/www.neteler.eu\/de\/","name":"NETELER Apartments","description":"","publisher":{"@id":"https:\/\/www.neteler.eu\/de\/#organization"},"potentialAction":[{"@type":"SearchAction","target":{"@type":"EntryPoint","urlTemplate":"https:\/\/www.neteler.eu\/de\/?s={search_term_string}"},"query-input":"required name=search_term_string"}],"inLanguage":"de"},{"@type":"Organization","@id":"https:\/\/www.neteler.eu\/de\/#organization","name":"NETELER Apartments","url":"https:\/\/www.neteler.eu\/de\/","logo":{"@type":"ImageObject","inLanguage":"de","@id":"https:\/\/www.neteler.eu\/de\/#\/schema\/logo\/image\/","url":"https:\/\/www.neteler.eu\/wp-content\/uploads\/2024\/01\/logo-2.png","contentUrl":"https:\/\/www.neteler.eu\/wp-content\/uploads\/2024\/01\/logo-2.png","width":800,"height":200,"caption":"NETELER Apartments"},"image":{"@id":"https:\/\/www.neteler.eu\/de\/#\/schema\/logo\/image\/"}}]}},"_links":{"self":[{"href":"https:\/\/www.neteler.eu\/de\/wp-json\/wp\/v2\/pages\/4197"}],"collection":[{"href":"https:\/\/www.neteler.eu\/de\/wp-json\/wp\/v2\/pages"}],"about":[{"href":"https:\/\/www.neteler.eu\/de\/wp-json\/wp\/v2\/types\/page"}],"author":[{"embeddable":true,"href":"https:\/\/www.neteler.eu\/de\/wp-json\/wp\/v2\/users\/1"}],"replies":[{"embeddable":true,"href":"https:\/\/www.neteler.eu\/de\/wp-json\/wp\/v2\/comments?post=4197"}],"version-history":[{"count":30,"href":"https:\/\/www.neteler.eu\/de\/wp-json\/wp\/v2\/pages\/4197\/revisions"}],"predecessor-version":[{"id":11348,"href":"https:\/\/www.neteler.eu\/de\/wp-json\/wp\/v2\/pages\/4197\/revisions\/11348"}],"up":[{"embeddable":true,"href":"https:\/\/www.neteler.eu\/de\/wp-json\/wp\/v2\/pages\/4227"}],"wp:attachment":[{"href":"https:\/\/www.neteler.eu\/de\/wp-json\/wp\/v2\/media?parent=4197"}],"curies":[{"name":"wp","href":"https:\/\/api.w.org\/{rel}","templated":true}]}}