{"id":6937,"date":"2024-03-04T15:26:32","date_gmt":"2024-03-04T14:26:32","guid":{"rendered":"https:\/\/www.neteler.eu\/?page_id=6937"},"modified":"2024-07-15T10:54:34","modified_gmt":"2024-07-15T08:54:34","slug":"freizeit-auf-borkum","status":"publish","type":"page","link":"https:\/\/www.neteler.eu\/de\/freizeit-auf-borkum\/","title":{"rendered":"Freizeit auf Borkum"},"content":{"rendered":"\t\t<div data-elementor-type=\"wp-page\" data-elementor-id=\"6937\" class=\"elementor elementor-6937\" data-elementor-post-type=\"page\">\n\t\t\t\t<div class=\"elementor-element elementor-element-11013de e-con-full e-flex e-con e-parent\" data-id=\"11013de\" data-element_type=\"container\">\n\t\t\t\t<div class=\"elementor-element elementor-element-85737d9 elementor-widget elementor-widget-template\" data-id=\"85737d9\" data-element_type=\"widget\" data-widget_type=\"template.default\">\n\t\t\t\t<div class=\"elementor-widget-container\">\n\t\t\t\t\t<div class=\"elementor-template\">\n\t\t\t\t\t<div data-elementor-type=\"container\" data-elementor-id=\"8666\" class=\"elementor elementor-8666\" data-elementor-post-type=\"elementor_library\">\n\t\t\t\t<div class=\"elementor-element elementor-element-3799b24a e-flex e-con-boxed e-con e-parent\" data-id=\"3799b24a\" data-element_type=\"container\" data-settings=\"{&quot;background_background&quot;:&quot;classic&quot;}\">\n\t\t\t\t\t<div class=\"e-con-inner\">\n\t\t<div class=\"elementor-element elementor-element-30557511 e-flex e-con-boxed e-con e-child\" data-id=\"30557511\" data-element_type=\"container\">\n\t\t\t\t\t<div class=\"e-con-inner\">\n\t\t\t\t<div class=\"elementor-element elementor-element-6a591595 elementor-widget elementor-widget-heading\" data-id=\"6a591595\" data-element_type=\"widget\" data-widget_type=\"heading.default\">\n\t\t\t\t<div class=\"elementor-widget-container\">\n\t\t\t<style>\/*! elementor - v3.23.0 - 15-07-2024 *\/\n.elementor-heading-title{padding:0;margin:0;line-height:1}.elementor-widget-heading .elementor-heading-title[class*=elementor-size-]>a{color:inherit;font-size:inherit;line-height:inherit}.elementor-widget-heading .elementor-heading-title.elementor-size-small{font-size:15px}.elementor-widget-heading .elementor-heading-title.elementor-size-medium{font-size:19px}.elementor-widget-heading .elementor-heading-title.elementor-size-large{font-size:29px}.elementor-widget-heading .elementor-heading-title.elementor-size-xl{font-size:39px}.elementor-widget-heading .elementor-heading-title.elementor-size-xxl{font-size:59px}<\/style><h4 class=\"elementor-heading-title elementor-size-default\">Freizeit auf Borkum<\/h4>\t\t<\/div>\n\t\t\t\t<\/div>\n\t\t\t\t\t<\/div>\n\t\t\t\t<\/div>\n\t\t\t\t\t<\/div>\n\t\t\t\t<\/div>\n\t\t\t\t<\/div>\n\t\t\t\t<\/div>\n\t\t\t\t<\/div>\n\t\t\t\t<\/div>\n\t\t\t\t<\/div>\n\t\t<div class=\"elementor-element elementor-element-0d08335 e-flex e-con-boxed e-con e-parent\" data-id=\"0d08335\" data-element_type=\"container\">\n\t\t\t\t\t<div class=\"e-con-inner\">\n\t\t\t\t<div class=\"elementor-element elementor-element-4569ccc elementor-widget__width-inherit elementor-widget elementor-widget-heading\" data-id=\"4569ccc\" data-element_type=\"widget\" data-widget_type=\"heading.default\">\n\t\t\t\t<div class=\"elementor-widget-container\">\n\t\t\t<h2 class=\"elementor-heading-title elementor-size-default\">Aktivit\u00e4ten<\/h2>\t\t<\/div>\n\t\t\t\t<\/div>\n\t\t\t\t<div class=\"elementor-element elementor-element-472eb8c elementor-widget elementor-widget-text-editor\" data-id=\"472eb8c\" data-element_type=\"widget\" data-widget_type=\"text-editor.default\">\n\t\t\t\t<div class=\"elementor-widget-container\">\n\t\t\t<style>\/*! elementor - v3.23.0 - 15-07-2024 *\/\n.elementor-widget-text-editor.elementor-drop-cap-view-stacked .elementor-drop-cap{background-color:#69727d;color:#fff}.elementor-widget-text-editor.elementor-drop-cap-view-framed .elementor-drop-cap{color:#69727d;border:3px solid;background-color:transparent}.elementor-widget-text-editor:not(.elementor-drop-cap-view-default) .elementor-drop-cap{margin-top:8px}.elementor-widget-text-editor:not(.elementor-drop-cap-view-default) .elementor-drop-cap-letter{width:1em;height:1em}.elementor-widget-text-editor .elementor-drop-cap{float:left;text-align:center;line-height:1;font-size:50px}.elementor-widget-text-editor .elementor-drop-cap-letter{display:inline-block}<\/style>\t\t\t\t<p>Borkum bietet eine Vielzahl an Aktivit\u00e4ten, die Ihren Urlaub unvergesslich machen werden, egal ob Sie Entspannung, Kultur, oder Sport suchen. Hier finden Sie einige Tipps von uns!<\/p><p>All diese Aktivit\u00e4ten und noch viel mehr machen Borkum zu einem idealen Urlaubsziel f\u00fcr alle, die die Natur lieben, sportlich aktiv sein m\u00f6chten oder einfach nur entspannen wollen.<\/p>\t\t\t\t\t\t<\/div>\n\t\t\t\t<\/div>\n\t\t<div class=\"elementor-element elementor-element-133ee74 e-con-full e-flex e-con e-child\" data-id=\"133ee74\" data-element_type=\"container\">\n\t\t<a class=\"elementor-element elementor-element-dd09ec3 e-con-full e-flex e-con e-child\" data-id=\"dd09ec3\" data-element_type=\"container\" data-settings=\"{&quot;background_background&quot;:&quot;slideshow&quot;,&quot;background_slideshow_gallery&quot;:[{&quot;id&quot;:10073,&quot;url&quot;:&quot;https:\\\/\\\/www.neteler.eu\\\/wp-content\\\/uploads\\\/2024\\\/05\\\/94A1132-scaled.jpg&quot;}],&quot;background_slideshow_loop&quot;:&quot;yes&quot;,&quot;background_slideshow_slide_duration&quot;:5000,&quot;background_slideshow_slide_transition&quot;:&quot;fade&quot;,&quot;background_slideshow_transition_duration&quot;:500}\" href=\"https:\/\/www.neteler.eu\/de\/raus-in-die-natur-auf-borkum\">\n\t\t\t\t<div class=\"elementor-element elementor-element-c58a341 filter_title elementor-widget elementor-widget-heading\" data-id=\"c58a341\" data-element_type=\"widget\" data-widget_type=\"heading.default\">\n\t\t\t\t<div class=\"elementor-widget-container\">\n\t\t\t<h5 class=\"elementor-heading-title elementor-size-default\">Raus in die Natur<\/h5>\t\t<\/div>\n\t\t\t\t<\/div>\n\t\t\t\t<\/a>\n\t\t<a class=\"elementor-element elementor-element-dcace18 e-con-full e-flex e-con e-child\" data-id=\"dcace18\" data-element_type=\"container\" data-settings=\"{&quot;background_background&quot;:&quot;slideshow&quot;,&quot;background_slideshow_gallery&quot;:[{&quot;id&quot;:9733,&quot;url&quot;:&quot;https:\\\/\\\/www.neteler.eu\\\/wp-content\\\/uploads\\\/2024\\\/05\\\/foto-surfwelle.jpg&quot;}],&quot;background_slideshow_loop&quot;:&quot;yes&quot;,&quot;background_slideshow_slide_duration&quot;:5000,&quot;background_slideshow_slide_transition&quot;:&quot;fade&quot;,&quot;background_slideshow_transition_duration&quot;:500}\" href=\"https:\/\/www.neteler.eu\/de\/wassersport-auf-borkum\">\n\t\t\t\t<div class=\"elementor-element elementor-element-3c50264 filter_title elementor-widget elementor-widget-heading\" data-id=\"3c50264\" data-element_type=\"widget\" data-widget_type=\"heading.default\">\n\t\t\t\t<div class=\"elementor-widget-container\">\n\t\t\t<h5 class=\"elementor-heading-title elementor-size-default\">Wassersport<\/h5>\t\t<\/div>\n\t\t\t\t<\/div>\n\t\t\t\t<\/a>\n\t\t<a class=\"elementor-element elementor-element-7308552 e-con-full e-flex e-con e-child\" data-id=\"7308552\" data-element_type=\"container\" data-settings=\"{&quot;background_background&quot;:&quot;slideshow&quot;,&quot;background_slideshow_gallery&quot;:[{&quot;id&quot;:10338,&quot;url&quot;:&quot;https:\\\/\\\/www.neteler.eu\\\/wp-content\\\/uploads\\\/2024\\\/05\\\/TD-9888-scaled.jpg&quot;}],&quot;background_slideshow_loop&quot;:&quot;yes&quot;,&quot;background_slideshow_slide_duration&quot;:5000,&quot;background_slideshow_slide_transition&quot;:&quot;fade&quot;,&quot;background_slideshow_transition_duration&quot;:500}\" href=\"https:\/\/www.neteler.eu\/de\/fuer-die-ganze-familie-auf-borkum\/\">\n\t\t\t\t<div class=\"elementor-element elementor-element-3c9574e filter_title elementor-widget elementor-widget-heading\" data-id=\"3c9574e\" data-element_type=\"widget\" data-widget_type=\"heading.default\">\n\t\t\t\t<div class=\"elementor-widget-container\">\n\t\t\t<h5 class=\"elementor-heading-title elementor-size-default\">F\u00fcr die ganze Familie<\/h5>\t\t<\/div>\n\t\t\t\t<\/div>\n\t\t\t\t<\/a>\n\t\t\t\t<\/div>\n\t\t\t\t\t<\/div>\n\t\t\t\t<\/div>\n\t\t\t\t<\/div>\n\t\t","protected":false},"excerpt":{"rendered":"<p>Aktivit\u00e4ten Borkum bietet eine Vielzahl an Aktivit\u00e4ten, die Ihren Urlaub unvergesslich machen werden, egal ob Sie Entspannung, Kultur, oder Sport suchen. Hier finden Sie einige Tipps von uns! All diese Aktivit\u00e4ten und noch viel mehr machen Borkum zu einem idealen Urlaubsziel f\u00fcr alle, die die Natur lieben, sportlich aktiv sein m\u00f6chten oder einfach nur entspannen [&hellip;]<\/p>\n","protected":false},"author":1,"featured_media":0,"parent":0,"menu_order":0,"comment_status":"closed","ping_status":"closed","template":"","meta":{"_acf_changed":false,"footnotes":""},"class_list":["post-6937","page","type-page","status-publish","hentry"],"acf":[],"yoast_head":"<!-- This site is optimized with the Yoast SEO plugin v23.1 - https:\/\/yoast.com\/wordpress\/plugins\/seo\/ -->\n<title>Freizeit auf Borkum - NETELER Apartments<\/title>\n<meta name=\"description\" content=\"Borkum h\u00e4lt diverse Freizeitangebote in einer malerischen Natur f\u00fcr Sie bereit. \u00dcberzeugen Sie sich selbst von dem Angebot.\" \/>\n<meta name=\"robots\" content=\"index, follow, max-snippet:-1, max-image-preview:large, max-video-preview:-1\" \/>\n<link rel=\"canonical\" href=\"https:\/\/www.neteler.eu\/de\/freizeit-auf-borkum\/\" \/>\n<meta property=\"og:locale\" content=\"de_DE\" \/>\n<meta property=\"og:type\" content=\"article\" \/>\n<meta property=\"og:title\" content=\"Freizeit auf Borkum - NETELER Apartments\" \/>\n<meta property=\"og:description\" content=\"Borkum h\u00e4lt diverse Freizeitangebote in einer malerischen Natur f\u00fcr Sie bereit. \u00dcberzeugen Sie sich selbst von dem Angebot.\" \/>\n<meta property=\"og:url\" content=\"https:\/\/www.neteler.eu\/de\/freizeit-auf-borkum\/\" \/>\n<meta property=\"og:site_name\" content=\"NETELER Apartments\" \/>\n<meta property=\"article:modified_time\" content=\"2024-07-15T08:54:34+00:00\" \/>\n<meta name=\"twitter:card\" content=\"summary_large_image\" \/>\n<meta name=\"twitter:label1\" content=\"Gesch\u00e4tzte Lesezeit\" \/>\n\t<meta name=\"twitter:data1\" content=\"1\u00a0Minute\" \/>\n<script type=\"application\/ld+json\" class=\"yoast-schema-graph\">{\"@context\":\"https:\/\/schema.org\",\"@graph\":[{\"@type\":\"WebPage\",\"@id\":\"https:\/\/www.neteler.eu\/de\/freizeit-auf-borkum\/\",\"url\":\"https:\/\/www.neteler.eu\/de\/freizeit-auf-borkum\/\",\"name\":\"Freizeit auf Borkum - NETELER Apartments\",\"isPartOf\":{\"@id\":\"https:\/\/www.neteler.eu\/de\/#website\"},\"datePublished\":\"2024-03-04T14:26:32+00:00\",\"dateModified\":\"2024-07-15T08:54:34+00:00\",\"description\":\"Borkum h\u00e4lt diverse Freizeitangebote in einer malerischen Natur f\u00fcr Sie bereit. \u00dcberzeugen Sie sich selbst von dem Angebot.\",\"breadcrumb\":{\"@id\":\"https:\/\/www.neteler.eu\/de\/freizeit-auf-borkum\/#breadcrumb\"},\"inLanguage\":\"de\",\"potentialAction\":[{\"@type\":\"ReadAction\",\"target\":[\"https:\/\/www.neteler.eu\/de\/freizeit-auf-borkum\/\"]}]},{\"@type\":\"BreadcrumbList\",\"@id\":\"https:\/\/www.neteler.eu\/de\/freizeit-auf-borkum\/#breadcrumb\",\"itemListElement\":[{\"@type\":\"ListItem\",\"position\":1,\"name\":\"Startseite\",\"item\":\"https:\/\/www.neteler.eu\/de\/\"},{\"@type\":\"ListItem\",\"position\":2,\"name\":\"Freizeit auf Borkum\"}]},{\"@type\":\"WebSite\",\"@id\":\"https:\/\/www.neteler.eu\/de\/#website\",\"url\":\"https:\/\/www.neteler.eu\/de\/\",\"name\":\"NETELER Apartments\",\"description\":\"\",\"publisher\":{\"@id\":\"https:\/\/www.neteler.eu\/de\/#organization\"},\"potentialAction\":[{\"@type\":\"SearchAction\",\"target\":{\"@type\":\"EntryPoint\",\"urlTemplate\":\"https:\/\/www.neteler.eu\/de\/?s={search_term_string}\"},\"query-input\":\"required name=search_term_string\"}],\"inLanguage\":\"de\"},{\"@type\":\"Organization\",\"@id\":\"https:\/\/www.neteler.eu\/de\/#organization\",\"name\":\"NETELER Apartments\",\"url\":\"https:\/\/www.neteler.eu\/de\/\",\"logo\":{\"@type\":\"ImageObject\",\"inLanguage\":\"de\",\"@id\":\"https:\/\/www.neteler.eu\/de\/#\/schema\/logo\/image\/\",\"url\":\"https:\/\/www.neteler.eu\/wp-content\/uploads\/2024\/01\/logo-2.png\",\"contentUrl\":\"https:\/\/www.neteler.eu\/wp-content\/uploads\/2024\/01\/logo-2.png\",\"width\":800,\"height\":200,\"caption\":\"NETELER Apartments\"},\"image\":{\"@id\":\"https:\/\/www.neteler.eu\/de\/#\/schema\/logo\/image\/\"}}]}<\/script>\n<!-- \/ Yoast SEO plugin. -->","yoast_head_json":{"title":"Freizeit auf Borkum - NETELER Apartments","description":"Borkum h\u00e4lt diverse Freizeitangebote in einer malerischen Natur f\u00fcr Sie bereit. \u00dcberzeugen Sie sich selbst von dem Angebot.","robots":{"index":"index","follow":"follow","max-snippet":"max-snippet:-1","max-image-preview":"max-image-preview:large","max-video-preview":"max-video-preview:-1"},"canonical":"https:\/\/www.neteler.eu\/de\/freizeit-auf-borkum\/","og_locale":"de_DE","og_type":"article","og_title":"Freizeit auf Borkum - NETELER Apartments","og_description":"Borkum h\u00e4lt diverse Freizeitangebote in einer malerischen Natur f\u00fcr Sie bereit. \u00dcberzeugen Sie sich selbst von dem Angebot.","og_url":"https:\/\/www.neteler.eu\/de\/freizeit-auf-borkum\/","og_site_name":"NETELER Apartments","article_modified_time":"2024-07-15T08:54:34+00:00","twitter_card":"summary_large_image","twitter_misc":{"Gesch\u00e4tzte Lesezeit":"1\u00a0Minute"},"schema":{"@context":"https:\/\/schema.org","@graph":[{"@type":"WebPage","@id":"https:\/\/www.neteler.eu\/de\/freizeit-auf-borkum\/","url":"https:\/\/www.neteler.eu\/de\/freizeit-auf-borkum\/","name":"Freizeit auf Borkum - NETELER Apartments","isPartOf":{"@id":"https:\/\/www.neteler.eu\/de\/#website"},"datePublished":"2024-03-04T14:26:32+00:00","dateModified":"2024-07-15T08:54:34+00:00","description":"Borkum h\u00e4lt diverse Freizeitangebote in einer malerischen Natur f\u00fcr Sie bereit. \u00dcberzeugen Sie sich selbst von dem Angebot.","breadcrumb":{"@id":"https:\/\/www.neteler.eu\/de\/freizeit-auf-borkum\/#breadcrumb"},"inLanguage":"de","potentialAction":[{"@type":"ReadAction","target":["https:\/\/www.neteler.eu\/de\/freizeit-auf-borkum\/"]}]},{"@type":"BreadcrumbList","@id":"https:\/\/www.neteler.eu\/de\/freizeit-auf-borkum\/#breadcrumb","itemListElement":[{"@type":"ListItem","position":1,"name":"Startseite","item":"https:\/\/www.neteler.eu\/de\/"},{"@type":"ListItem","position":2,"name":"Freizeit auf Borkum"}]},{"@type":"WebSite","@id":"https:\/\/www.neteler.eu\/de\/#website","url":"https:\/\/www.neteler.eu\/de\/","name":"NETELER Apartments","description":"","publisher":{"@id":"https:\/\/www.neteler.eu\/de\/#organization"},"potentialAction":[{"@type":"SearchAction","target":{"@type":"EntryPoint","urlTemplate":"https:\/\/www.neteler.eu\/de\/?s={search_term_string}"},"query-input":"required name=search_term_string"}],"inLanguage":"de"},{"@type":"Organization","@id":"https:\/\/www.neteler.eu\/de\/#organization","name":"NETELER Apartments","url":"https:\/\/www.neteler.eu\/de\/","logo":{"@type":"ImageObject","inLanguage":"de","@id":"https:\/\/www.neteler.eu\/de\/#\/schema\/logo\/image\/","url":"https:\/\/www.neteler.eu\/wp-content\/uploads\/2024\/01\/logo-2.png","contentUrl":"https:\/\/www.neteler.eu\/wp-content\/uploads\/2024\/01\/logo-2.png","width":800,"height":200,"caption":"NETELER Apartments"},"image":{"@id":"https:\/\/www.neteler.eu\/de\/#\/schema\/logo\/image\/"}}]}},"_links":{"self":[{"href":"https:\/\/www.neteler.eu\/de\/wp-json\/wp\/v2\/pages\/6937"}],"collection":[{"href":"https:\/\/www.neteler.eu\/de\/wp-json\/wp\/v2\/pages"}],"about":[{"href":"https:\/\/www.neteler.eu\/de\/wp-json\/wp\/v2\/types\/page"}],"author":[{"embeddable":true,"href":"https:\/\/www.neteler.eu\/de\/wp-json\/wp\/v2\/users\/1"}],"replies":[{"embeddable":true,"href":"https:\/\/www.neteler.eu\/de\/wp-json\/wp\/v2\/comments?post=6937"}],"version-history":[{"count":30,"href":"https:\/\/www.neteler.eu\/de\/wp-json\/wp\/v2\/pages\/6937\/revisions"}],"predecessor-version":[{"id":11370,"href":"https:\/\/www.neteler.eu\/de\/wp-json\/wp\/v2\/pages\/6937\/revisions\/11370"}],"wp:attachment":[{"href":"https:\/\/www.neteler.eu\/de\/wp-json\/wp\/v2\/media?parent=6937"}],"curies":[{"name":"wp","href":"https:\/\/api.w.org\/{rel}","templated":true}]}}