{"id":7423,"date":"2024-03-26T13:46:10","date_gmt":"2024-03-26T12:46:10","guid":{"rendered":"https:\/\/www.neteler.eu\/?page_id=7423"},"modified":"2024-07-23T12:05:59","modified_gmt":"2024-07-23T10:05:59","slug":"freizeit-auf-usedom","status":"publish","type":"page","link":"https:\/\/www.neteler.eu\/de\/freizeit-auf-usedom\/","title":{"rendered":"freizeit_auf_usedom"},"content":{"rendered":"\t\t<div data-elementor-type=\"wp-page\" data-elementor-id=\"7423\" class=\"elementor elementor-7423\" data-elementor-post-type=\"page\">\n\t\t\t\t<div class=\"elementor-element elementor-element-e6e13bf e-flex e-con-boxed e-con e-parent\" data-id=\"e6e13bf\" data-element_type=\"container\" data-settings=\"{&quot;background_background&quot;:&quot;classic&quot;}\">\n\t\t\t\t\t<div class=\"e-con-inner\">\n\t\t\t\t<div class=\"elementor-element elementor-element-ba55794 elementor-widget__width-inherit elementor-widget elementor-widget-heading\" data-id=\"ba55794\" data-element_type=\"widget\" data-widget_type=\"heading.default\">\n\t\t\t\t<div class=\"elementor-widget-container\">\n\t\t\t<style>\/*! elementor - v3.23.0 - 15-07-2024 *\/\n.elementor-heading-title{padding:0;margin:0;line-height:1}.elementor-widget-heading .elementor-heading-title[class*=elementor-size-]>a{color:inherit;font-size:inherit;line-height:inherit}.elementor-widget-heading .elementor-heading-title.elementor-size-small{font-size:15px}.elementor-widget-heading .elementor-heading-title.elementor-size-medium{font-size:19px}.elementor-widget-heading .elementor-heading-title.elementor-size-large{font-size:29px}.elementor-widget-heading .elementor-heading-title.elementor-size-xl{font-size:39px}.elementor-widget-heading .elementor-heading-title.elementor-size-xxl{font-size:59px}<\/style><h1 class=\"elementor-heading-title elementor-size-default\">Insel Usedom<\/h1>\t\t<\/div>\n\t\t\t\t<\/div>\n\t\t\t\t\t<\/div>\n\t\t\t\t<\/div>\n\t\t<div class=\"elementor-element elementor-element-9984310 e-flex e-con-boxed e-con e-parent\" data-id=\"9984310\" data-element_type=\"container\">\n\t\t\t\t\t<div class=\"e-con-inner\">\n\t\t\t\t<div class=\"elementor-element elementor-element-a6e1b8f elementor-widget elementor-widget-heading\" data-id=\"a6e1b8f\" data-element_type=\"widget\" data-widget_type=\"heading.default\">\n\t\t\t\t<div class=\"elementor-widget-container\">\n\t\t\t<h2 class=\"elementor-heading-title elementor-size-default\">Aktivit\u00e4ten auf Usedom\n<\/h2>\t\t<\/div>\n\t\t\t\t<\/div>\n\t\t\t\t<div class=\"elementor-element elementor-element-b89cc50 insel-borkum elementor-widget elementor-widget-text-editor\" data-id=\"b89cc50\" data-element_type=\"widget\" data-widget_type=\"text-editor.default\">\n\t\t\t\t<div class=\"elementor-widget-container\">\n\t\t\t<style>\/*! elementor - v3.23.0 - 15-07-2024 *\/\n.elementor-widget-text-editor.elementor-drop-cap-view-stacked .elementor-drop-cap{background-color:#69727d;color:#fff}.elementor-widget-text-editor.elementor-drop-cap-view-framed .elementor-drop-cap{color:#69727d;border:3px solid;background-color:transparent}.elementor-widget-text-editor:not(.elementor-drop-cap-view-default) .elementor-drop-cap{margin-top:8px}.elementor-widget-text-editor:not(.elementor-drop-cap-view-default) .elementor-drop-cap-letter{width:1em;height:1em}.elementor-widget-text-editor .elementor-drop-cap{float:left;text-align:center;line-height:1;font-size:50px}.elementor-widget-text-editor .elementor-drop-cap-letter{display:inline-block}<\/style>\t\t\t\t<p>Der feinsandige Strand von Ahlbeck bietet perfekte Bedingungen f\u00fcr eine Vielzahl von <strong>Strandaktivit\u00e4ten<\/strong>. Ob beim Sonnenbaden, Sandburgen bauen mit den Kindern oder bei sportlichen Aktivit\u00e4ten wie Beachvolleyball \u2013 am Strand von Ahlbeck kommt jeder auf seine Kosten. F\u00fcr Wassersportfans gibt es Angebote wie Segeln, Windsurfen oder Stand-UpPaddling, die f\u00fcr erfrischende Abwechslung sorgen.<\/p>\t\t\t\t\t\t<\/div>\n\t\t\t\t<\/div>\n\t\t<div class=\"elementor-element elementor-element-85deba7 e-con-full e-flex e-con e-child\" data-id=\"85deba7\" data-element_type=\"container\">\n\t\t<a class=\"elementor-element elementor-element-44f1743 e-con-full e-flex e-con e-child\" data-id=\"44f1743\" data-element_type=\"container\" data-settings=\"{&quot;background_background&quot;:&quot;slideshow&quot;,&quot;background_slideshow_gallery&quot;:[{&quot;id&quot;:10073,&quot;url&quot;:&quot;https:\\\/\\\/www.neteler.eu\\\/wp-content\\\/uploads\\\/2024\\\/05\\\/94A1132-scaled.jpg&quot;}],&quot;background_slideshow_loop&quot;:&quot;yes&quot;,&quot;background_slideshow_slide_duration&quot;:5000,&quot;background_slideshow_slide_transition&quot;:&quot;fade&quot;,&quot;background_slideshow_transition_duration&quot;:500}\" href=\"https:\/\/www.neteler.eu\/de\/raus-in-die-natur-auf-usedom\/\">\n\t\t\t\t<div class=\"elementor-element elementor-element-03467b8 filter_title elementor-widget elementor-widget-heading\" data-id=\"03467b8\" data-element_type=\"widget\" data-widget_type=\"heading.default\">\n\t\t\t\t<div class=\"elementor-widget-container\">\n\t\t\t<h5 class=\"elementor-heading-title elementor-size-default\">Raus in die Natur<\/h5>\t\t<\/div>\n\t\t\t\t<\/div>\n\t\t\t\t<\/a>\n\t\t<a class=\"elementor-element elementor-element-ccb313a e-con-full e-flex e-con e-child\" data-id=\"ccb313a\" data-element_type=\"container\" data-settings=\"{&quot;background_background&quot;:&quot;slideshow&quot;,&quot;background_slideshow_gallery&quot;:[{&quot;id&quot;:10041,&quot;url&quot;:&quot;https:\\\/\\\/www.neteler.eu\\\/wp-content\\\/uploads\\\/2024\\\/05\\\/usedom-1093996_1280.jpg&quot;}],&quot;background_slideshow_loop&quot;:&quot;yes&quot;,&quot;background_slideshow_slide_duration&quot;:5000,&quot;background_slideshow_slide_transition&quot;:&quot;fade&quot;,&quot;background_slideshow_transition_duration&quot;:500}\" href=\"\/kultur-auf-usedom\/\">\n\t\t\t\t<div class=\"elementor-element elementor-element-98c9670 filter_title elementor-widget elementor-widget-heading\" data-id=\"98c9670\" data-element_type=\"widget\" data-widget_type=\"heading.default\">\n\t\t\t\t<div class=\"elementor-widget-container\">\n\t\t\t<h5 class=\"elementor-heading-title elementor-size-default\">Kultur<\/h5>\t\t<\/div>\n\t\t\t\t<\/div>\n\t\t\t\t<\/a>\n\t\t<a class=\"elementor-element elementor-element-cbc38f1 e-con-full e-flex e-con e-child\" data-id=\"cbc38f1\" data-element_type=\"container\" data-settings=\"{&quot;background_background&quot;:&quot;slideshow&quot;,&quot;background_slideshow_gallery&quot;:[{&quot;id&quot;:9733,&quot;url&quot;:&quot;https:\\\/\\\/www.neteler.eu\\\/wp-content\\\/uploads\\\/2024\\\/05\\\/foto-surfwelle.jpg&quot;}],&quot;background_slideshow_loop&quot;:&quot;yes&quot;,&quot;background_slideshow_slide_duration&quot;:5000,&quot;background_slideshow_slide_transition&quot;:&quot;fade&quot;,&quot;background_slideshow_transition_duration&quot;:500}\" href=\"\/strandaktivitaeten\">\n\t\t\t\t<div class=\"elementor-element elementor-element-d242ac3 filter_title elementor-widget elementor-widget-heading\" data-id=\"d242ac3\" data-element_type=\"widget\" data-widget_type=\"heading.default\">\n\t\t\t\t<div class=\"elementor-widget-container\">\n\t\t\t<h5 class=\"elementor-heading-title elementor-size-default\">Strandaktivit\u00e4ten<\/h5>\t\t<\/div>\n\t\t\t\t<\/div>\n\t\t\t\t<\/a>\n\t\t\t\t<\/div>\n\t\t\t\t\t<\/div>\n\t\t\t\t<\/div>\n\t\t\t\t<\/div>\n\t\t","protected":false},"excerpt":{"rendered":"<p>Insel Usedom Aktivit\u00e4ten auf Usedom Der feinsandige Strand von Ahlbeck bietet perfekte Bedingungen f\u00fcr eine Vielzahl von Strandaktivit\u00e4ten. Ob beim Sonnenbaden, Sandburgen bauen mit den Kindern oder bei sportlichen Aktivit\u00e4ten wie Beachvolleyball \u2013 am Strand von Ahlbeck kommt jeder auf seine Kosten. F\u00fcr Wassersportfans gibt es Angebote wie Segeln, Windsurfen oder Stand-UpPaddling, die f\u00fcr erfrischende [&hellip;]<\/p>\n","protected":false},"author":1,"featured_media":0,"parent":0,"menu_order":0,"comment_status":"closed","ping_status":"closed","template":"","meta":{"_acf_changed":false,"footnotes":""},"class_list":["post-7423","page","type-page","status-publish","hentry"],"acf":[],"yoast_head":"<!-- This site is optimized with the Yoast SEO plugin v23.1 - https:\/\/yoast.com\/wordpress\/plugins\/seo\/ -->\n<title>freizeit_auf_usedom - NETELER Apartments<\/title>\n<meta name=\"description\" content=\"Usedom bietet Freizeitaktivit\u00e4ten f\u00fcr gro\u00df und klein. Ob direkt ans Meer oder rein in die gr\u00fcnen Landschaften, Sie haben die Wahl.\" \/>\n<meta name=\"robots\" content=\"index, follow, max-snippet:-1, max-image-preview:large, max-video-preview:-1\" \/>\n<link rel=\"canonical\" href=\"https:\/\/www.neteler.eu\/de\/freizeit-auf-usedom\/\" \/>\n<meta property=\"og:locale\" content=\"de_DE\" \/>\n<meta property=\"og:type\" content=\"article\" \/>\n<meta property=\"og:title\" content=\"freizeit_auf_usedom - NETELER Apartments\" \/>\n<meta property=\"og:description\" content=\"Usedom bietet Freizeitaktivit\u00e4ten f\u00fcr gro\u00df und klein. Ob direkt ans Meer oder rein in die gr\u00fcnen Landschaften, Sie haben die Wahl.\" \/>\n<meta property=\"og:url\" content=\"https:\/\/www.neteler.eu\/de\/freizeit-auf-usedom\/\" \/>\n<meta property=\"og:site_name\" content=\"NETELER Apartments\" \/>\n<meta property=\"article:modified_time\" content=\"2024-07-23T10:05:59+00:00\" \/>\n<meta name=\"twitter:card\" content=\"summary_large_image\" \/>\n<meta name=\"twitter:label1\" content=\"Gesch\u00e4tzte Lesezeit\" \/>\n\t<meta name=\"twitter:data1\" content=\"1\u00a0Minute\" \/>\n<script type=\"application\/ld+json\" class=\"yoast-schema-graph\">{\"@context\":\"https:\/\/schema.org\",\"@graph\":[{\"@type\":\"WebPage\",\"@id\":\"https:\/\/www.neteler.eu\/de\/freizeit-auf-usedom\/\",\"url\":\"https:\/\/www.neteler.eu\/de\/freizeit-auf-usedom\/\",\"name\":\"freizeit_auf_usedom - NETELER Apartments\",\"isPartOf\":{\"@id\":\"https:\/\/www.neteler.eu\/de\/#website\"},\"datePublished\":\"2024-03-26T12:46:10+00:00\",\"dateModified\":\"2024-07-23T10:05:59+00:00\",\"description\":\"Usedom bietet Freizeitaktivit\u00e4ten f\u00fcr gro\u00df und klein. Ob direkt ans Meer oder rein in die gr\u00fcnen Landschaften, Sie haben die Wahl.\",\"breadcrumb\":{\"@id\":\"https:\/\/www.neteler.eu\/de\/freizeit-auf-usedom\/#breadcrumb\"},\"inLanguage\":\"de\",\"potentialAction\":[{\"@type\":\"ReadAction\",\"target\":[\"https:\/\/www.neteler.eu\/de\/freizeit-auf-usedom\/\"]}]},{\"@type\":\"BreadcrumbList\",\"@id\":\"https:\/\/www.neteler.eu\/de\/freizeit-auf-usedom\/#breadcrumb\",\"itemListElement\":[{\"@type\":\"ListItem\",\"position\":1,\"name\":\"Startseite\",\"item\":\"https:\/\/www.neteler.eu\/de\/\"},{\"@type\":\"ListItem\",\"position\":2,\"name\":\"freizeit_auf_usedom\"}]},{\"@type\":\"WebSite\",\"@id\":\"https:\/\/www.neteler.eu\/de\/#website\",\"url\":\"https:\/\/www.neteler.eu\/de\/\",\"name\":\"NETELER Apartments\",\"description\":\"\",\"publisher\":{\"@id\":\"https:\/\/www.neteler.eu\/de\/#organization\"},\"potentialAction\":[{\"@type\":\"SearchAction\",\"target\":{\"@type\":\"EntryPoint\",\"urlTemplate\":\"https:\/\/www.neteler.eu\/de\/?s={search_term_string}\"},\"query-input\":\"required name=search_term_string\"}],\"inLanguage\":\"de\"},{\"@type\":\"Organization\",\"@id\":\"https:\/\/www.neteler.eu\/de\/#organization\",\"name\":\"NETELER Apartments\",\"url\":\"https:\/\/www.neteler.eu\/de\/\",\"logo\":{\"@type\":\"ImageObject\",\"inLanguage\":\"de\",\"@id\":\"https:\/\/www.neteler.eu\/de\/#\/schema\/logo\/image\/\",\"url\":\"https:\/\/www.neteler.eu\/wp-content\/uploads\/2024\/01\/logo-2.png\",\"contentUrl\":\"https:\/\/www.neteler.eu\/wp-content\/uploads\/2024\/01\/logo-2.png\",\"width\":800,\"height\":200,\"caption\":\"NETELER Apartments\"},\"image\":{\"@id\":\"https:\/\/www.neteler.eu\/de\/#\/schema\/logo\/image\/\"}}]}<\/script>\n<!-- \/ Yoast SEO plugin. -->","yoast_head_json":{"title":"freizeit_auf_usedom - NETELER Apartments","description":"Usedom bietet Freizeitaktivit\u00e4ten f\u00fcr gro\u00df und klein. Ob direkt ans Meer oder rein in die gr\u00fcnen Landschaften, Sie haben die Wahl.","robots":{"index":"index","follow":"follow","max-snippet":"max-snippet:-1","max-image-preview":"max-image-preview:large","max-video-preview":"max-video-preview:-1"},"canonical":"https:\/\/www.neteler.eu\/de\/freizeit-auf-usedom\/","og_locale":"de_DE","og_type":"article","og_title":"freizeit_auf_usedom - NETELER Apartments","og_description":"Usedom bietet Freizeitaktivit\u00e4ten f\u00fcr gro\u00df und klein. Ob direkt ans Meer oder rein in die gr\u00fcnen Landschaften, Sie haben die Wahl.","og_url":"https:\/\/www.neteler.eu\/de\/freizeit-auf-usedom\/","og_site_name":"NETELER Apartments","article_modified_time":"2024-07-23T10:05:59+00:00","twitter_card":"summary_large_image","twitter_misc":{"Gesch\u00e4tzte Lesezeit":"1\u00a0Minute"},"schema":{"@context":"https:\/\/schema.org","@graph":[{"@type":"WebPage","@id":"https:\/\/www.neteler.eu\/de\/freizeit-auf-usedom\/","url":"https:\/\/www.neteler.eu\/de\/freizeit-auf-usedom\/","name":"freizeit_auf_usedom - NETELER Apartments","isPartOf":{"@id":"https:\/\/www.neteler.eu\/de\/#website"},"datePublished":"2024-03-26T12:46:10+00:00","dateModified":"2024-07-23T10:05:59+00:00","description":"Usedom bietet Freizeitaktivit\u00e4ten f\u00fcr gro\u00df und klein. Ob direkt ans Meer oder rein in die gr\u00fcnen Landschaften, Sie haben die Wahl.","breadcrumb":{"@id":"https:\/\/www.neteler.eu\/de\/freizeit-auf-usedom\/#breadcrumb"},"inLanguage":"de","potentialAction":[{"@type":"ReadAction","target":["https:\/\/www.neteler.eu\/de\/freizeit-auf-usedom\/"]}]},{"@type":"BreadcrumbList","@id":"https:\/\/www.neteler.eu\/de\/freizeit-auf-usedom\/#breadcrumb","itemListElement":[{"@type":"ListItem","position":1,"name":"Startseite","item":"https:\/\/www.neteler.eu\/de\/"},{"@type":"ListItem","position":2,"name":"freizeit_auf_usedom"}]},{"@type":"WebSite","@id":"https:\/\/www.neteler.eu\/de\/#website","url":"https:\/\/www.neteler.eu\/de\/","name":"NETELER Apartments","description":"","publisher":{"@id":"https:\/\/www.neteler.eu\/de\/#organization"},"potentialAction":[{"@type":"SearchAction","target":{"@type":"EntryPoint","urlTemplate":"https:\/\/www.neteler.eu\/de\/?s={search_term_string}"},"query-input":"required name=search_term_string"}],"inLanguage":"de"},{"@type":"Organization","@id":"https:\/\/www.neteler.eu\/de\/#organization","name":"NETELER Apartments","url":"https:\/\/www.neteler.eu\/de\/","logo":{"@type":"ImageObject","inLanguage":"de","@id":"https:\/\/www.neteler.eu\/de\/#\/schema\/logo\/image\/","url":"https:\/\/www.neteler.eu\/wp-content\/uploads\/2024\/01\/logo-2.png","contentUrl":"https:\/\/www.neteler.eu\/wp-content\/uploads\/2024\/01\/logo-2.png","width":800,"height":200,"caption":"NETELER Apartments"},"image":{"@id":"https:\/\/www.neteler.eu\/de\/#\/schema\/logo\/image\/"}}]}},"_links":{"self":[{"href":"https:\/\/www.neteler.eu\/de\/wp-json\/wp\/v2\/pages\/7423"}],"collection":[{"href":"https:\/\/www.neteler.eu\/de\/wp-json\/wp\/v2\/pages"}],"about":[{"href":"https:\/\/www.neteler.eu\/de\/wp-json\/wp\/v2\/types\/page"}],"author":[{"embeddable":true,"href":"https:\/\/www.neteler.eu\/de\/wp-json\/wp\/v2\/users\/1"}],"replies":[{"embeddable":true,"href":"https:\/\/www.neteler.eu\/de\/wp-json\/wp\/v2\/comments?post=7423"}],"version-history":[{"count":30,"href":"https:\/\/www.neteler.eu\/de\/wp-json\/wp\/v2\/pages\/7423\/revisions"}],"predecessor-version":[{"id":11848,"href":"https:\/\/www.neteler.eu\/de\/wp-json\/wp\/v2\/pages\/7423\/revisions\/11848"}],"wp:attachment":[{"href":"https:\/\/www.neteler.eu\/de\/wp-json\/wp\/v2\/media?parent=7423"}],"curies":[{"name":"wp","href":"https:\/\/api.w.org\/{rel}","templated":true}]}}